{"id":7558,"date":"2020-01-21T17:16:51","date_gmt":"2020-01-21T16:16:51","guid":{"rendered":"https:\/\/www.cmpersico.com\/empresa\/"},"modified":"2020-01-21T17:16:52","modified_gmt":"2020-01-21T16:16:52","slug":"empresa","status":"publish","type":"page","link":"https:\/\/www.cmpersico.com\/es\/empresa\/","title":{"rendered":"EMPRESA"},"content":{"rendered":"<div class=\"wpb-content-wrapper\">[mk_page_section bg_image=\u00bbhttps:\/\/www.cmpersico.com\/wp-content\/uploads\/2018\/01\/azienda_persico-costruzioni.jpg\u00bb attachment=\u00bbfixed\u00bb bg_position=\u00bbcenter center\u00bb bg_repeat=\u00bbno-repeat\u00bb bg_stretch=\u00bbtrue\u00bb video_color_mask=\u00bb#000000&#8243; min_height=\u00bb0&#8243; padding_top=\u00bb150&#8243; padding_bottom=\u00bb150&#8243; sidebar=\u00bbsidebar-1&#8243;][vc_column][mk_fancy_title tag_name=\u00bbh1&#8243; color=\u00bb#ffffff\u00bb size=\u00bb50&#8243; font_weight=\u00bbbold\u00bb txt_transform=\u00bbuppercase\u00bb margin_bottom=\u00bb0&#8243; font_family=\u00bbnone\u00bb align=\u00bbcenter\u00bb]\n<p style=\"text-align: center;\">EMPRESA<\/p>\n[\/mk_fancy_title][\/vc_column][\/mk_page_section][vc_row][vc_column][mk_padding_divider size=\u00bb60&#8243;][mk_fancy_title color=\u00bb#da291c\u00bb size=\u00bb22&#8243; font_weight=\u00bbbold\u00bb font_family=\u00bbnone\u00bb]\n<p class=\"Normale1\"><b>Costruzioni Meccaniche Persico:<\/b><\/p>\n[\/mk_fancy_title][mk_fancy_title color=\u00bb#4c4c4c\u00bb size=\u00bb20&#8243; font_weight=\u00bbbold\u00bb font_family=\u00bbnone\u00bb]\n<p class=\"Normale1\">desde siempre a la vanguardia de la tecnolog\u00eda, profesionalidad e innovaci\u00f3n. Siempre dispuestos a evolucionar para satisfacer a nuestros clientes. Todo esto desde hace 50 a\u00f1os.<\/p>\n[\/mk_fancy_title][mk_padding_divider size=\u00bb60&#8243;][vc_row_inner][vc_column_inner width=\u00bb1\/2&#8243;][vc_column_text css=\u00bb.vc_custom_1518794515637{margin-bottom: 0px !important;}\u00bb]<strong>1959<\/strong> &#8211; OFFICINA MECCANICA PERSICO EZECHIELE En un peque\u00f1o taller en San Giovanni Lupatoto (VR), el Sr. Persico Ezechiele comienza su actividad empresarial reparando y despu\u00e9s construyendo las primeras m\u00e1quinas para curtidur\u00eda. Descarnadoras tradicionales, m\u00e1quinas ablandadoras, Prensas continuas.<\/p>\n<p><strong>1968<\/strong> &#8211; La gran dedicaci\u00f3n al trabajo da los primeros resultados, el espacio en el peque\u00f1o taller ya no es suficiente; Persico compra terreno y construye un nuevo cobertizo m\u00e1s grande y m\u00e1s adecuado para una empresa.<\/p>\n<p><strong>1977<\/strong> &#8211; Se produce la primera descarnadora continua.[\/vc_column_text][mk_gallery images=\u00bb6713&#8243; column=\u00bb1&#8243; height=\u00bb574&#8243; hover_scenarios=\u00bbnone\u00bb][\/vc_column_inner][vc_column_inner width=\u00bb1\/2&#8243;][vc_column_text css=\u00bb.vc_custom_1579012177918{margin-bottom: 0px !important;}\u00bb]<strong>1983<\/strong> &#8211; con la entrada de dos nuevos socios, el Sr. Zerlotti Renzo y el Sr. Nieri Alfredo, la compa\u00f1\u00eda se convierte en \u00abCostruzioni Meccaniche Veronesi\u00bb. Comienza la colaboraci\u00f3n con la empresa espa\u00f1ola Oliver Battle, que representa en todo el mundo.<\/p>\n<p><strong>1985<\/strong> &#8211; Conocida en todo el mundo por las descarnadoras continuas llamadas \u00abPERSICO\u00bb, la empresa se convierte en Costruzioni Meccaniche Persico.<\/p>\n<p><strong>1990<\/strong> &#8211; La gran demanda de m\u00e1quinas se une a la colaboraci\u00f3n con Turner, quien durante unos a\u00f1os representa a la empresa en el extranjero, ocup\u00e1ndose tanto de algunas instalaciones como de algunos mantenimientos.<\/p>\n<p><strong>2000<\/strong> &#8211; <span class=\"\">La empresa ya ha despegado y desde hace algunos a\u00f1os ha consolidado su mercado produciendo y administrando toda la red de ventas y asistencia en todo el mundo. El negocio principal son las descarnadoras continuas Persico que permiten a las curtidur\u00edas de todo el mundo aumentar y mejorar la producci\u00f3n.<\/span>[\/vc_column_text][\/vc_column_inner][\/vc_row_inner][mk_divider margin_top=\u00bb30&#8243; margin_bottom=\u00bb30&#8243;][\/vc_column][\/vc_row][vc_row][vc_column][mk_fancy_title color=\u00bb#da291c\u00bb size=\u00bb22&#8243; font_weight=\u00bbbold\u00bb font_family=\u00bbnone\u00bb]\n<p class=\"Normale1\"><b>Costruzioni Meccaniche Persico: <\/b><\/p>\n[\/mk_fancy_title][mk_fancy_title color=\u00bb#4c4c4c\u00bb size=\u00bb20&#8243; font_weight=\u00bbbold\u00bb font_family=\u00bbnone\u00bb]\n<p class=\"Normale1\"><b>una inversi\u00f3n constante en investigaci\u00f3n para que tu trabajo sea eficiente.<\/b>.<\/p>\n[\/mk_fancy_title][mk_padding_divider size=\u00bb60&#8243;][\/vc_column][\/vc_row][vc_row][vc_column width=\u00bb1\/3&#8243;][mk_icon_box2 icon_type=\u00bbimage\u00bb icon_size=\u00bbinherit\u00bb icon_image=\u00bbhttps:\/\/www.cmpersico.com\/wp-content\/uploads\/2018\/01\/skmbt_c22018010313410.jpg\u00bb title_size=\u00bb19&#8243; align=\u00bbleft\u00bb][\/mk_icon_box2][\/vc_column][vc_column width=\u00bb1\/3&#8243;][mk_icon_box2 icon_type=\u00bbimage\u00bb icon_size=\u00bbinherit\u00bb icon_image=\u00bbhttps:\/\/www.cmpersico.com\/wp-content\/uploads\/2018\/01\/skmbt_c22018010313430.jpg\u00bb title_size=\u00bb19&#8243; align=\u00bbleft\u00bb][\/mk_icon_box2][\/vc_column][vc_column width=\u00bb1\/3&#8243;][mk_icon_box2 icon_type=\u00bbimage\u00bb icon_size=\u00bbinherit\u00bb icon_image=\u00bbhttps:\/\/www.cmpersico.com\/wp-content\/uploads\/2018\/01\/skmbt_c22018010313570.jpg\u00bb title_size=\u00bb19&#8243; align=\u00bbleft\u00bb][\/mk_icon_box2][\/vc_column][\/vc_row][vc_row][vc_column][mk_divider margin_top=\u00bb30&#8243; margin_bottom=\u00bb30&#8243;][mk_fancy_title color=\u00bb#da291c\u00bb size=\u00bb22&#8243; font_weight=\u00bbbold\u00bb font_family=\u00bbnone\u00bb]Producci\u00f3n[\/mk_fancy_title][vc_column_text css=\u00bb.vc_custom_1515061926124{margin-bottom: 0px !important;}\u00bb]\n<h3>Carpinter\u00eda<\/h3>\n[\/vc_column_text][mk_gallery images=\u00bb6338,6337,6336&#8243; height=\u00bb450&#8243;][mk_padding_divider size=\u00bb60&#8243;][vc_column_text css=\u00bb.vc_custom_1518798157202{margin-bottom: 0px !important;}\u00bb]\n<h3>Maquinas herramientas cnc<\/h3>\n[\/vc_column_text][mk_gallery images=\u00bb6358,6357,6353,6354,6356,6355&#8243; image_size=\u00bbmedium\u00bb][mk_padding_divider size=\u00bb60&#8243;][vc_column_text css=\u00bb.vc_custom_1518798172746{margin-bottom: 0px !important;}\u00bb]\n<h3>Montaje y cableado<\/h3>\n[\/vc_column_text][mk_gallery images=\u00bb6722,6362,6363,6365,6364,6366&#8243; image_size=\u00bbmedium\u00bb][mk_divider margin_top=\u00bb30&#8243; margin_bottom=\u00bb30&#8243;][mk_fancy_title color=\u00bb#da291c\u00bb size=\u00bb22&#8243; font_weight=\u00bbbold\u00bb font_family=\u00bbnone\u00bb]Almac\u00e9n[\/mk_fancy_title][mk_gallery images=\u00bb6370,6369,6368&#8243; height=\u00bb450&#8243;][mk_padding_divider size=\u00bb60&#8243;][\/vc_column][\/vc_row]\n<\/div>","protected":false},"excerpt":{"rendered":"<p>[mk_page_section bg_image=\u00bbhttps:\/\/www.cmpersico.com\/wp-content\/uploads\/2018\/01\/azienda_persico-costruzioni.jpg\u00bb attachment=\u00bbfixed\u00bb bg_position=\u00bbcenter center\u00bb bg_repeat=\u00bbno-repeat\u00bb bg_stretch=\u00bbtrue\u00bb video_color_mask=\u00bb#000000&#8243; min_height=\u00bb0&#8243; padding_top=\u00bb150&#8243; padding_bottom=\u00bb150&#8243; sidebar=\u00bbsidebar-1&#8243;][vc_column][mk_fancy_title tag_name=\u00bbh1&#8243; color=\u00bb#ffffff\u00bb size=\u00bb50&#8243; font_weight=\u00bbbold\u00bb txt_transform=\u00bbuppercase\u00bb margin_bottom=\u00bb0&#8243; font_family=\u00bbnone\u00bb align=\u00bbcenter\u00bb] EMPRESA [\/mk_fancy_title][\/vc_column][\/mk_page_section][vc_row][vc_column][mk_padding_divider size=\u00bb60&#8243;][mk_fancy_title color=\u00bb#da291c\u00bb size=\u00bb22&#8243; font_weight=\u00bbbold\u00bb font_family=\u00bbnone\u00bb] Costruzioni Meccaniche Persico: [\/mk_fancy_title][mk_fancy_title color=\u00bb#4c4c4c\u00bb size=\u00bb20&#8243; font_weight=\u00bbbold\u00bb font_family=\u00bbnone\u00bb] desde siempre a la vanguardia de la tecnolog\u00eda, profesionalidad e innovaci\u00f3n. Siempre dispuestos a evolucionar para satisfacer a nuestros clientes. [&hellip;]<\/p>\n","protected":false},"author":3,"featured_media":0,"parent":0,"menu_order":0,"comment_status":"closed","ping_status":"closed","template":"","meta":{"rs_blank_template":"","rs_page_bg_color":"","slide_template_v7":"","footnotes":""},"class_list":["post-7558","page","type-page","status-publish","hentry"],"_links":{"self":[{"href":"https:\/\/www.cmpersico.com\/es\/wp-json\/wp\/v2\/pages\/7558","targetHints":{"allow":["GET"]}}],"collection":[{"href":"https:\/\/www.cmpersico.com\/es\/wp-json\/wp\/v2\/pages"}],"about":[{"href":"https:\/\/www.cmpersico.com\/es\/wp-json\/wp\/v2\/types\/page"}],"author":[{"embeddable":true,"href":"https:\/\/www.cmpersico.com\/es\/wp-json\/wp\/v2\/users\/3"}],"replies":[{"embeddable":true,"href":"https:\/\/www.cmpersico.com\/es\/wp-json\/wp\/v2\/comments?post=7558"}],"version-history":[{"count":0,"href":"https:\/\/www.cmpersico.com\/es\/wp-json\/wp\/v2\/pages\/7558\/revisions"}],"wp:attachment":[{"href":"https:\/\/www.cmpersico.com\/es\/wp-json\/wp\/v2\/media?parent=7558"}],"curies":[{"name":"wp","href":"https:\/\/api.w.org\/{rel}","templated":true}]}}