{"id":7540,"date":"2020-01-21T16:28:59","date_gmt":"2020-01-21T15:28:59","guid":{"rendered":"https:\/\/www.cmpersico.com\/cm-persico-en-el-mundo\/"},"modified":"2020-01-22T17:14:18","modified_gmt":"2020-01-22T16:14:18","slug":"cm-persico-en-el-mundo","status":"publish","type":"page","link":"https:\/\/www.cmpersico.com\/es\/cm-persico-en-el-mundo\/","title":{"rendered":"CM PERSICO EN EL MUNDO"},"content":{"rendered":"<div class=\"wpb-content-wrapper\">[mk_page_section bg_image=\u00bbhttps:\/\/www.cmpersico.com\/wp-content\/uploads\/2020\/01\/mappa_persico-3.jpg\u00bb bg_position=\u00bbcenter center\u00bb bg_repeat=\u00bbno-repeat\u00bb bg_stretch=\u00bbtrue\u00bb adaptive_height=\u00bbtrue\u00bb min_height=\u00bb0&#8243; padding_top=\u00bb150&#8243; padding_bottom=\u00bb150&#8243; sidebar=\u00bbsidebar-1&#8243;][vc_column][\/vc_column][\/mk_page_section][vc_row][vc_column][mk_padding_divider size=\u00bb60&#8243;][vc_column_text css=\u00bb.vc_custom_1564493144839{margin-bottom: 0px !important;}\u00bb]\n<p class=\"Normale1\"><strong>Costruzioni Meccaniche Persico opera a nivel internacional tanto para la producci\u00f3n y entrega de m\u00e1quinas descarnadoras como para una asistencia continua y mantenimiento.<\/strong><\/p>\n<p class=\"p1\"><span class=\"s1\">Estamos presentes en:\u00a0Estados Unidos, Brasil, Argentina, Uruguay, Paraguay, Portugal, Espa\u00f1a, Francia, Alemania, Holanda, Suecia, Dinamarca, Ruman\u00eda, Hungr\u00eda, Turqu\u00eda, Rusia, Egipto, India, Taiw\u00e1n, Tailandia, Indonesia, China, Nueva Zelanda<\/span><\/p>\n[\/vc_column_text][mk_padding_divider size=\u00bb80&#8243;][\/vc_column][\/vc_row]\n<\/div>","protected":false},"excerpt":{"rendered":"<p>[mk_page_section bg_image=\u00bbhttps:\/\/www.cmpersico.com\/wp-content\/uploads\/2020\/01\/mappa_persico-3.jpg\u00bb bg_position=\u00bbcenter center\u00bb bg_repeat=\u00bbno-repeat\u00bb bg_stretch=\u00bbtrue\u00bb adaptive_height=\u00bbtrue\u00bb min_height=\u00bb0&#8243; padding_top=\u00bb150&#8243; padding_bottom=\u00bb150&#8243; sidebar=\u00bbsidebar-1&#8243;][vc_column][\/vc_column][\/mk_page_section][vc_row][vc_column][mk_padding_divider size=\u00bb60&#8243;][vc_column_text css=\u00bb.vc_custom_1564493144839{margin-bottom: 0px !important;}\u00bb] Costruzioni Meccaniche Persico opera a nivel internacional tanto para la producci\u00f3n y entrega de m\u00e1quinas descarnadoras como para una asistencia continua y mantenimiento. Estamos presentes en:\u00a0Estados Unidos, Brasil, Argentina, Uruguay, Paraguay, Portugal, Espa\u00f1a, Francia, Alemania, Holanda, Suecia, Dinamarca, Ruman\u00eda, Hungr\u00eda, [&hellip;]<\/p>\n","protected":false},"author":1,"featured_media":0,"parent":0,"menu_order":0,"comment_status":"open","ping_status":"closed","template":"","meta":{"footnotes":""},"class_list":["post-7540","page","type-page","status-publish","hentry"],"_links":{"self":[{"href":"https:\/\/www.cmpersico.com\/es\/wp-json\/wp\/v2\/pages\/7540","targetHints":{"allow":["GET"]}}],"collection":[{"href":"https:\/\/www.cmpersico.com\/es\/wp-json\/wp\/v2\/pages"}],"about":[{"href":"https:\/\/www.cmpersico.com\/es\/wp-json\/wp\/v2\/types\/page"}],"author":[{"embeddable":true,"href":"https:\/\/www.cmpersico.com\/es\/wp-json\/wp\/v2\/users\/1"}],"replies":[{"embeddable":true,"href":"https:\/\/www.cmpersico.com\/es\/wp-json\/wp\/v2\/comments?post=7540"}],"version-history":[{"count":0,"href":"https:\/\/www.cmpersico.com\/es\/wp-json\/wp\/v2\/pages\/7540\/revisions"}],"wp:attachment":[{"href":"https:\/\/www.cmpersico.com\/es\/wp-json\/wp\/v2\/media?parent=7540"}],"curies":[{"name":"wp","href":"https:\/\/api.w.org\/{rel}","templated":true}]}}