{"id":7536,"date":"2020-01-21T16:25:41","date_gmt":"2020-01-21T15:25:41","guid":{"rendered":"https:\/\/www.cmpersico.com\/servicios\/"},"modified":"2020-01-21T18:52:28","modified_gmt":"2020-01-21T17:52:28","slug":"servicios","status":"publish","type":"page","link":"https:\/\/www.cmpersico.com\/es\/servicios\/","title":{"rendered":"SERVICIOS"},"content":{"rendered":"<div class=\"wpb-content-wrapper\">[mk_page_section bg_image=\u00bbhttps:\/\/www.cmpersico.com\/wp-content\/uploads\/2018\/01\/servizi.jpg\u00bb attachment=\u00bbfixed\u00bb bg_position=\u00bbcenter center\u00bb bg_repeat=\u00bbno-repeat\u00bb bg_stretch=\u00bbtrue\u00bb video_color_mask=\u00bb#000000&#8243; min_height=\u00bb0&#8243; padding_top=\u00bb150&#8243; padding_bottom=\u00bb150&#8243; sidebar=\u00bbsidebar-1&#8243;][vc_column][mk_fancy_title tag_name=\u00bbh1&#8243; color=\u00bb#ffffff\u00bb size=\u00bb50&#8243; font_weight=\u00bbbold\u00bb txt_transform=\u00bbuppercase\u00bb margin_bottom=\u00bb0&#8243; font_family=\u00bbnone\u00bb align=\u00bbcenter\u00bb]\n<p style=\"text-align: center;\">SERVICIOS<\/p>\n[\/mk_fancy_title][\/vc_column][\/mk_page_section][vc_row equal_columns=\u00bbtrue\u00bb][vc_column][mk_padding_divider size=\u00bb60&#8243;][vc_row_inner][vc_column_inner width=\u00bb1\/4&#8243;][mk_icon_box2 icon_type=\u00bbimage\u00bb icon_size=\u00bbinherit\u00bb icon_image=\u00bbhttps:\/\/www.cmpersico.com\/wp-content\/uploads\/2017\/01\/dscn1433_500x320.jpg\u00bb title=\u00bbAsistencia\u00bb title_size=\u00bb19&#8243; title_top_padding=\u00bb40&#8243; read_more_url=\u00bbhttps:\/\/www.cmpersico.com\/es\/servicios\/asistencia\/\u00bb]\n<div style=\"font-size: 14px; color: #808080;\">\n<p>Nos encargamos de las m\u00e1quinas durante todo el ciclo de vida de la curtidur\u00eda. Tambi\u00e9n garantizamos soluciones para sistemas muy antiguos.<br \/>\nPara la empresa CM Persico es importante garantizar intervenciones oportunas con t\u00e9cnicos preparados tan pronto como el cliente las necesite.<\/p>\n<\/div>\n[\/mk_icon_box2][\/vc_column_inner][vc_column_inner width=\u00bb1\/4&#8243;][mk_icon_box2 icon_type=\u00bbimage\u00bb icon_size=\u00bbinherit\u00bb icon_image=\u00bbhttps:\/\/www.cmpersico.com\/wp-content\/uploads\/2018\/02\/assistenza-frecce_500x319.jpg\u00bb title=\u00bbAsistencia en el mundo\u00bb title_size=\u00bb19&#8243; title_top_padding=\u00bb40&#8243; read_more_url=\u00bbhttps:\/\/www.cmpersico.com\/es\/servicios\/asistencia-en-el-mundo\/\u00bb]\n<div style=\"font-size: 14px; color: #808080;\">\n<p>Estamos organizados para ofrecer asistencia t\u00e9cnica inmediata en todas las partes del mundo, ayudando al cliente a trabajar su propio tipo de piel.<\/p>\n<\/div>\n[\/mk_icon_box2][\/vc_column_inner][vc_column_inner width=\u00bb1\/4&#8243;][mk_icon_box2 icon_type=\u00bbimage\u00bb icon_size=\u00bbinherit\u00bb icon_image=\u00bbhttps:\/\/www.cmpersico.com\/wp-content\/uploads\/2017\/01\/mkt_6650_500x320.jpg\u00bb title=\u00bbPiezas de repuesto\u00bb title_size=\u00bb19&#8243; title_top_padding=\u00bb40&#8243; read_more_url=\u00bbhttps:\/\/www.cmpersico.com\/es\/servicios\/piezas-de-repuesto\/\u00bb]\n<div style=\"font-size: 14px; color: #808080;\">\n<p>Podemos entregar o enviar cualquier pieza de repuesto que necesite en cualquier momento.<br \/>\nLa empresa Persico siempre invierte en su almac\u00e9n en t\u00e9rminos de cantidad y gesti\u00f3n para garantizar que cualquier componente de cualquier instalaci\u00f3n est\u00e9 listo para la entrega.<\/p>\n<\/div>\n[\/mk_icon_box2][\/vc_column_inner][vc_column_inner width=\u00bb1\/4&#8243;][mk_icon_box2 icon_type=\u00bbimage\u00bb icon_size=\u00bbinherit\u00bb icon_image=\u00bbhttps:\/\/www.cmpersico.com\/wp-content\/uploads\/2017\/01\/mkt_6632_500x320.jpg\u00bb title=\u00bbRefrentado\u00bb title_size=\u00bb19&#8243; title_top_padding=\u00bb40&#8243; read_more_url=\u00bbhttps:\/\/www.cmpersico.com\/es\/servicios\/refrentado\/\u00bb]\n<div style=\"font-size: 14px; color: #808080;\">\n<p>Ofrecemos un servicio muy importante que permite a las curtidur\u00edas recibir de nosotros un cilindro de refrentado antes de desmontar de la M\u00e1quina Descarnadora aquel con las cuchillas desgastadas. Por lo tanto, as\u00ed permite cambiar inmediatamente entre lo nuevo y el viejo sin tener que esperar para volver a refrentar su cilindro.<\/p>\n<\/div>\n[\/mk_icon_box2][\/vc_column_inner][\/vc_row_inner][vc_row_inner][vc_column_inner width=\u00bb1\/4&#8243;][mk_button dimension=\u00bbflat\u00bb corner_style=\u00bbrounded\u00bb url=\u00bbhttps:\/\/www.cmpersico.com\/es\/servicios\/asistencia\/\u00bb align=\u00bbcenter\u00bb margin_top=\u00bb10&#8243; margin_bottom=\u00bb40&#8243;]Saber m\u00e1s[\/mk_button][\/vc_column_inner][vc_column_inner width=\u00bb1\/4&#8243;][mk_button dimension=\u00bbflat\u00bb corner_style=\u00bbrounded\u00bb url=\u00bbhttps:\/\/www.cmpersico.com\/es\/servicios\/asistencia-en-el-mundo\/\u00bb align=\u00bbcenter\u00bb margin_top=\u00bb10&#8243; margin_bottom=\u00bb40&#8243;]Saber m\u00e1s[\/mk_button][\/vc_column_inner][vc_column_inner width=\u00bb1\/4&#8243;][mk_button dimension=\u00bbflat\u00bb corner_style=\u00bbrounded\u00bb url=\u00bbhttps:\/\/www.cmpersico.com\/es\/servicios\/piezas-de-repuesto\/\u00bb align=\u00bbcenter\u00bb margin_top=\u00bb10&#8243; margin_bottom=\u00bb40&#8243;]Saber m\u00e1s[\/mk_button][\/vc_column_inner][vc_column_inner width=\u00bb1\/4&#8243;][mk_button dimension=\u00bbflat\u00bb corner_style=\u00bbrounded\u00bb url=\u00bbhttps:\/\/www.cmpersico.com\/es\/servicios\/refrentado\/\u00bb align=\u00bbcenter\u00bb margin_top=\u00bb10&#8243; margin_bottom=\u00bb40&#8243;]Saber m\u00e1s[\/mk_button][\/vc_column_inner][\/vc_row_inner][mk_padding_divider size=\u00bb60&#8243;][\/vc_column][\/vc_row]\n<\/div>","protected":false},"excerpt":{"rendered":"<p>[mk_page_section bg_image=\u00bbhttps:\/\/www.cmpersico.com\/wp-content\/uploads\/2018\/01\/servizi.jpg\u00bb attachment=\u00bbfixed\u00bb bg_position=\u00bbcenter center\u00bb bg_repeat=\u00bbno-repeat\u00bb bg_stretch=\u00bbtrue\u00bb video_color_mask=\u00bb#000000&#8243; min_height=\u00bb0&#8243; padding_top=\u00bb150&#8243; padding_bottom=\u00bb150&#8243; sidebar=\u00bbsidebar-1&#8243;][vc_column][mk_fancy_title tag_name=\u00bbh1&#8243; color=\u00bb#ffffff\u00bb size=\u00bb50&#8243; font_weight=\u00bbbold\u00bb txt_transform=\u00bbuppercase\u00bb margin_bottom=\u00bb0&#8243; font_family=\u00bbnone\u00bb align=\u00bbcenter\u00bb] SERVICIOS [\/mk_fancy_title][\/vc_column][\/mk_page_section][vc_row equal_columns=\u00bbtrue\u00bb][vc_column][mk_padding_divider size=\u00bb60&#8243;][vc_row_inner][vc_column_inner width=\u00bb1\/4&#8243;][mk_icon_box2 icon_type=\u00bbimage\u00bb icon_size=\u00bbinherit\u00bb icon_image=\u00bbhttps:\/\/www.cmpersico.com\/wp-content\/uploads\/2017\/01\/dscn1433_500x320.jpg\u00bb title=\u00bbAsistencia\u00bb title_size=\u00bb19&#8243; title_top_padding=\u00bb40&#8243; read_more_url=\u00bbhttps:\/\/www.cmpersico.com\/es\/servicios\/asistencia\/\u00bb] Nos encargamos de las m\u00e1quinas durante todo el ciclo de vida de la curtidur\u00eda. Tambi\u00e9n garantizamos soluciones para sistemas muy antiguos. Para la [&hellip;]<\/p>\n","protected":false},"author":3,"featured_media":0,"parent":0,"menu_order":0,"comment_status":"open","ping_status":"closed","template":"","meta":{"footnotes":""},"class_list":["post-7536","page","type-page","status-publish","hentry"],"_links":{"self":[{"href":"https:\/\/www.cmpersico.com\/es\/wp-json\/wp\/v2\/pages\/7536","targetHints":{"allow":["GET"]}}],"collection":[{"href":"https:\/\/www.cmpersico.com\/es\/wp-json\/wp\/v2\/pages"}],"about":[{"href":"https:\/\/www.cmpersico.com\/es\/wp-json\/wp\/v2\/types\/page"}],"author":[{"embeddable":true,"href":"https:\/\/www.cmpersico.com\/es\/wp-json\/wp\/v2\/users\/3"}],"replies":[{"embeddable":true,"href":"https:\/\/www.cmpersico.com\/es\/wp-json\/wp\/v2\/comments?post=7536"}],"version-history":[{"count":0,"href":"https:\/\/www.cmpersico.com\/es\/wp-json\/wp\/v2\/pages\/7536\/revisions"}],"wp:attachment":[{"href":"https:\/\/www.cmpersico.com\/es\/wp-json\/wp\/v2\/media?parent=7536"}],"curies":[{"name":"wp","href":"https:\/\/api.w.org\/{rel}","templated":true}]}}