{"id":7534,"date":"2020-01-21T16:25:13","date_gmt":"2020-01-21T15:25:13","guid":{"rendered":"https:\/\/www.cmpersico.com\/refrentado\/"},"modified":"2020-01-21T16:26:05","modified_gmt":"2020-01-21T15:26:05","slug":"refrentado","status":"publish","type":"page","link":"https:\/\/www.cmpersico.com\/es\/servicios\/refrentado\/","title":{"rendered":"REFRENTADO"},"content":{"rendered":"<div class=\"wpb-content-wrapper\">[mk_page_section bg_image=\u00bbhttps:\/\/www.cmpersico.com\/wp-content\/uploads\/2017\/02\/mkt_6632_1280x500.jpg\u00bb attachment=\u00bbfixed\u00bb bg_position=\u00bbcenter center\u00bb bg_repeat=\u00bbno-repeat\u00bb bg_stretch=\u00bbtrue\u00bb video_color_mask=\u00bb#000000&#8243; min_height=\u00bb0&#8243; padding_top=\u00bb150&#8243; padding_bottom=\u00bb150&#8243; sidebar=\u00bbsidebar-1&#8243;][vc_column][mk_fancy_title tag_name=\u00bbh1&#8243; color=\u00bb#ffffff\u00bb size=\u00bb50&#8243; font_weight=\u00bbbold\u00bb txt_transform=\u00bbuppercase\u00bb margin_bottom=\u00bb0&#8243; font_family=\u00bbnone\u00bb align=\u00bbcenter\u00bb]\n<p style=\"text-align: center;\">REFRENTADO<\/p>\n[\/mk_fancy_title][\/vc_column][\/mk_page_section][vc_row][vc_column][mk_padding_divider size=\u00bb60&#8243;][mk_fancy_title color=\u00bb#da291c\u00bb size=\u00bb22&#8243; font_weight=\u00bbbold\u00bb font_family=\u00bbnone\u00bb]Servicio de refrentado[\/mk_fancy_title][vc_column_text css=\u00bb.vc_custom_1518781109570{margin-bottom: 0px !important;}\u00bb]Ofrecemos un servicio muy importante que permite a las curtidur\u00edas recibir de nosotros un cilindro de refrentado antes de desmontar de la M\u00e1quina Descarnadora aquel con las cuchillas desgastadas. Por lo tanto, as\u00ed permite cambiar inmediatamente entre lo nuevo y el viejo sin tener que esperar para volver a refrentar su cilindro.[\/vc_column_text][mk_padding_divider size=\u00bb60&#8243;][\/vc_column][\/vc_row][vc_row][vc_column width=\u00bb1\/2&#8243;][mk_image src=\u00bbhttps:\/\/www.cmpersico.com\/wp-content\/uploads\/2019\/11\/1-montaggio-lame.jpg\u00bb image_height=\u00bb400&#8243; lightbox=\u00bbtrue\u00bb margin_bottom=\u00bb30&#8243;][vc_column_text css=\u00bb.vc_custom_1517247557892{margin-bottom: 0px !important;}\u00bb]Montaje de la cuchilla[\/vc_column_text][mk_padding_divider size=\u00bb60&#8243;][\/vc_column][vc_column width=\u00bb1\/2&#8243;][mk_image src=\u00bbhttps:\/\/www.cmpersico.com\/wp-content\/uploads\/2019\/11\/2-part_rilamatura_1b.jpg\u00bb image_height=\u00bb400&#8243; lightbox=\u00bbtrue\u00bb margin_bottom=\u00bb30&#8243;][vc_column_text css=\u00bb.vc_custom_1574868965719{margin-bottom: 0px !important;}\u00bb]Refrentado[\/vc_column_text][mk_padding_divider size=\u00bb60&#8243;][\/vc_column][\/vc_row][vc_row][vc_column width=\u00bb1\/2&#8243;][mk_image src=\u00bbhttps:\/\/www.cmpersico.com\/wp-content\/uploads\/2019\/11\/3-rettifica_1.jpg\u00bb image_height=\u00bb400&#8243; lightbox=\u00bbtrue\u00bb margin_bottom=\u00bb30&#8243;][vc_column_text css=\u00bb.vc_custom_1574868978995{margin-bottom: 0px !important;}\u00bb]Rectificaci\u00f3n[\/vc_column_text][mk_padding_divider size=\u00bb60&#8243;][\/vc_column][vc_column width=\u00bb1\/2&#8243;][mk_image src=\u00bbhttps:\/\/www.cmpersico.com\/wp-content\/uploads\/2019\/11\/4-rettifica_2.jpg\u00bb image_height=\u00bb400&#8243; lightbox=\u00bbtrue\u00bb margin_bottom=\u00bb30&#8243;][vc_column_text css=\u00bb.vc_custom_1574868998188{margin-bottom: 0px !important;}\u00bb]Rectificaci\u00f3n[\/vc_column_text][mk_padding_divider size=\u00bb60&#8243;][\/vc_column][\/vc_row][vc_row][vc_column width=\u00bb1\/2&#8243;][mk_image src=\u00bbhttps:\/\/www.cmpersico.com\/wp-content\/uploads\/2019\/11\/5-bilanciatura.jpg\u00bb image_height=\u00bb400&#8243; lightbox=\u00bbtrue\u00bb margin_bottom=\u00bb30&#8243;][vc_column_text css=\u00bb.vc_custom_1574869012609{margin-bottom: 0px !important;}\u00bb]Equilibrado[\/vc_column_text][mk_padding_divider size=\u00bb60&#8243;][\/vc_column][vc_column width=\u00bb1\/2&#8243;][mk_image src=\u00bbhttps:\/\/www.cmpersico.com\/wp-content\/uploads\/2019\/11\/6-magazino-cilindri.jpg\u00bb image_height=\u00bb400&#8243; lightbox=\u00bbtrue\u00bb margin_bottom=\u00bb30&#8243;][vc_column_text css=\u00bb.vc_custom_1574869018368{margin-bottom: 0px !important;}\u00bb]Almac\u00e9n de cilindros listos para su env\u00edo con cajas certificadas adecuadas[\/vc_column_text][mk_padding_divider size=\u00bb60&#8243;][\/vc_column][\/vc_row]\n<\/div>","protected":false},"excerpt":{"rendered":"<p>[mk_page_section bg_image=\u00bbhttps:\/\/www.cmpersico.com\/wp-content\/uploads\/2017\/02\/mkt_6632_1280x500.jpg\u00bb attachment=\u00bbfixed\u00bb bg_position=\u00bbcenter center\u00bb bg_repeat=\u00bbno-repeat\u00bb bg_stretch=\u00bbtrue\u00bb video_color_mask=\u00bb#000000&#8243; min_height=\u00bb0&#8243; padding_top=\u00bb150&#8243; padding_bottom=\u00bb150&#8243; sidebar=\u00bbsidebar-1&#8243;][vc_column][mk_fancy_title tag_name=\u00bbh1&#8243; color=\u00bb#ffffff\u00bb size=\u00bb50&#8243; font_weight=\u00bbbold\u00bb txt_transform=\u00bbuppercase\u00bb margin_bottom=\u00bb0&#8243; font_family=\u00bbnone\u00bb align=\u00bbcenter\u00bb] REFRENTADO [\/mk_fancy_title][\/vc_column][\/mk_page_section][vc_row][vc_column][mk_padding_divider size=\u00bb60&#8243;][mk_fancy_title color=\u00bb#da291c\u00bb size=\u00bb22&#8243; font_weight=\u00bbbold\u00bb font_family=\u00bbnone\u00bb]Servicio de refrentado[\/mk_fancy_title][vc_column_text css=\u00bb.vc_custom_1518781109570{margin-bottom: 0px !important;}\u00bb]Ofrecemos un servicio muy importante que permite a las curtidur\u00edas recibir de nosotros un cilindro de refrentado antes de desmontar de la M\u00e1quina Descarnadora [&hellip;]<\/p>\n","protected":false},"author":3,"featured_media":0,"parent":7536,"menu_order":0,"comment_status":"closed","ping_status":"closed","template":"","meta":{"footnotes":""},"class_list":["post-7534","page","type-page","status-publish","hentry"],"_links":{"self":[{"href":"https:\/\/www.cmpersico.com\/es\/wp-json\/wp\/v2\/pages\/7534","targetHints":{"allow":["GET"]}}],"collection":[{"href":"https:\/\/www.cmpersico.com\/es\/wp-json\/wp\/v2\/pages"}],"about":[{"href":"https:\/\/www.cmpersico.com\/es\/wp-json\/wp\/v2\/types\/page"}],"author":[{"embeddable":true,"href":"https:\/\/www.cmpersico.com\/es\/wp-json\/wp\/v2\/users\/3"}],"replies":[{"embeddable":true,"href":"https:\/\/www.cmpersico.com\/es\/wp-json\/wp\/v2\/comments?post=7534"}],"version-history":[{"count":0,"href":"https:\/\/www.cmpersico.com\/es\/wp-json\/wp\/v2\/pages\/7534\/revisions"}],"up":[{"embeddable":true,"href":"https:\/\/www.cmpersico.com\/es\/wp-json\/wp\/v2\/pages\/7536"}],"wp:attachment":[{"href":"https:\/\/www.cmpersico.com\/es\/wp-json\/wp\/v2\/media?parent=7534"}],"curies":[{"name":"wp","href":"https:\/\/api.w.org\/{rel}","templated":true}]}}