{"id":7526,"date":"2020-01-21T16:20:19","date_gmt":"2020-01-21T15:20:19","guid":{"rendered":"https:\/\/www.cmpersico.com\/asistencia\/"},"modified":"2020-01-21T16:26:05","modified_gmt":"2020-01-21T15:26:05","slug":"asistencia","status":"publish","type":"page","link":"https:\/\/www.cmpersico.com\/es\/servicios\/asistencia\/","title":{"rendered":"ASISTENCIA"},"content":{"rendered":"<div class=\"wpb-content-wrapper\">[mk_page_section bg_image=\u00bbhttps:\/\/www.cmpersico.com\/wp-content\/uploads\/2017\/02\/dscn1433_1280x500.jpg\u00bb attachment=\u00bbfixed\u00bb bg_position=\u00bbcenter center\u00bb bg_repeat=\u00bbno-repeat\u00bb bg_stretch=\u00bbtrue\u00bb video_color_mask=\u00bb#000000&#8243; min_height=\u00bb0&#8243; padding_top=\u00bb150&#8243; padding_bottom=\u00bb150&#8243; sidebar=\u00bbsidebar-1&#8243;][vc_column][mk_fancy_title tag_name=\u00bbh1&#8243; color=\u00bb#ffffff\u00bb size=\u00bb50&#8243; font_weight=\u00bbbold\u00bb txt_transform=\u00bbuppercase\u00bb margin_bottom=\u00bb0&#8243; font_family=\u00bbnone\u00bb align=\u00bbcenter\u00bb]\n<p style=\"text-align: center;\">ASISTENCIA<\/p>\n[\/mk_fancy_title][\/vc_column][\/mk_page_section][vc_row][vc_column][mk_padding_divider size=\u00bb60&#8243;][mk_fancy_title color=\u00bb#da291c\u00bb size=\u00bb22&#8243; font_weight=\u00bbbold\u00bb font_family=\u00bbnone\u00bb]\n<p class=\"Normale1\"><b>Optimizar el trabajo de nuestros clientes significa saber seguirlos paso a paso, resolviendo cada problema en cualquier momento para una eficiencia de producci\u00f3n constante.<\/b><\/p>\n[\/mk_fancy_title][vc_column_text css=\u00bb.vc_custom_1564491790268{margin-bottom: 0px !important;}\u00bb]\n<p class=\"Normale1\">Por esta raz\u00f3n, en Costruzioni Meccaniche Persico siempre hemos invertido en la formaci\u00f3n y capacitaci\u00f3n de t\u00e9cnicos profesionales capaces de apoyar al cliente en el uso \u00f3ptimo de nuestras m\u00e1quinas y garantizar un mantenimiento constante de las posiciones de descarnado, evitando interrupciones en la producci\u00f3n.<\/p>\n<p class=\"Normale1\">Es la experiencia de 50 a\u00f1os de profesi\u00f3n lo que nos ha permitido madurar las competencias necesarias para un servicio de asesor\u00eda y asistencia est\u00e1ndar de alta calidad. Su ventaja es doble: indice en los tiempos de producci\u00f3n y reduce los costes por tiempo de inactividad y reparaciones.<\/p>\n[\/vc_column_text][mk_padding_divider size=\u00bb60&#8243;][mk_gallery images=\u00bb6060,6062&#8243; column=\u00bb2&#8243; image_size=\u00bbfull\u00bb hover_scenarios=\u00bboverlay_layer\u00bb][mk_padding_divider size=\u00bb60&#8243;][\/vc_column][\/vc_row]\n<\/div>","protected":false},"excerpt":{"rendered":"<p>[mk_page_section bg_image=\u00bbhttps:\/\/www.cmpersico.com\/wp-content\/uploads\/2017\/02\/dscn1433_1280x500.jpg\u00bb attachment=\u00bbfixed\u00bb bg_position=\u00bbcenter center\u00bb bg_repeat=\u00bbno-repeat\u00bb bg_stretch=\u00bbtrue\u00bb video_color_mask=\u00bb#000000&#8243; min_height=\u00bb0&#8243; padding_top=\u00bb150&#8243; padding_bottom=\u00bb150&#8243; sidebar=\u00bbsidebar-1&#8243;][vc_column][mk_fancy_title tag_name=\u00bbh1&#8243; color=\u00bb#ffffff\u00bb size=\u00bb50&#8243; font_weight=\u00bbbold\u00bb txt_transform=\u00bbuppercase\u00bb margin_bottom=\u00bb0&#8243; font_family=\u00bbnone\u00bb align=\u00bbcenter\u00bb] ASISTENCIA [\/mk_fancy_title][\/vc_column][\/mk_page_section][vc_row][vc_column][mk_padding_divider size=\u00bb60&#8243;][mk_fancy_title color=\u00bb#da291c\u00bb size=\u00bb22&#8243; font_weight=\u00bbbold\u00bb font_family=\u00bbnone\u00bb] Optimizar el trabajo de nuestros clientes significa saber seguirlos paso a paso, resolviendo cada problema en cualquier momento para una eficiencia de producci\u00f3n constante. [\/mk_fancy_title][vc_column_text css=\u00bb.vc_custom_1564491790268{margin-bottom: 0px !important;}\u00bb] [&hellip;]<\/p>\n","protected":false},"author":3,"featured_media":0,"parent":7536,"menu_order":0,"comment_status":"closed","ping_status":"closed","template":"","meta":{"footnotes":""},"class_list":["post-7526","page","type-page","status-publish","hentry"],"_links":{"self":[{"href":"https:\/\/www.cmpersico.com\/es\/wp-json\/wp\/v2\/pages\/7526","targetHints":{"allow":["GET"]}}],"collection":[{"href":"https:\/\/www.cmpersico.com\/es\/wp-json\/wp\/v2\/pages"}],"about":[{"href":"https:\/\/www.cmpersico.com\/es\/wp-json\/wp\/v2\/types\/page"}],"author":[{"embeddable":true,"href":"https:\/\/www.cmpersico.com\/es\/wp-json\/wp\/v2\/users\/3"}],"replies":[{"embeddable":true,"href":"https:\/\/www.cmpersico.com\/es\/wp-json\/wp\/v2\/comments?post=7526"}],"version-history":[{"count":0,"href":"https:\/\/www.cmpersico.com\/es\/wp-json\/wp\/v2\/pages\/7526\/revisions"}],"up":[{"embeddable":true,"href":"https:\/\/www.cmpersico.com\/es\/wp-json\/wp\/v2\/pages\/7536"}],"wp:attachment":[{"href":"https:\/\/www.cmpersico.com\/es\/wp-json\/wp\/v2\/media?parent=7526"}],"curies":[{"name":"wp","href":"https:\/\/api.w.org\/{rel}","templated":true}]}}