{"id":7524,"date":"2020-01-21T16:14:18","date_gmt":"2020-01-21T15:14:18","guid":{"rendered":"https:\/\/www.cmpersico.com\/productos\/"},"modified":"2020-01-22T09:02:21","modified_gmt":"2020-01-22T08:02:21","slug":"productos","status":"publish","type":"page","link":"https:\/\/www.cmpersico.com\/es\/productos\/","title":{"rendered":"PRODUCTOS"},"content":{"rendered":"<div class=\"wpb-content-wrapper\">[mk_page_section bg_image=\u00bbhttps:\/\/www.cmpersico.com\/wp-content\/uploads\/2018\/01\/prodotti_2.jpg\u00bb attachment=\u00bbfixed\u00bb bg_position=\u00bbcenter center\u00bb bg_repeat=\u00bbno-repeat\u00bb bg_stretch=\u00bbtrue\u00bb video_color_mask=\u00bb#000000&#8243; min_height=\u00bb0&#8243; padding_top=\u00bb150&#8243; padding_bottom=\u00bb150&#8243; sidebar=\u00bbsidebar-1&#8243;][vc_column][mk_fancy_title tag_name=\u00bbh1&#8243; color=\u00bb#ffffff\u00bb size=\u00bb50&#8243; font_weight=\u00bbbold\u00bb txt_transform=\u00bbuppercase\u00bb margin_bottom=\u00bb0&#8243; font_family=\u00bbnone\u00bb align=\u00bbcenter\u00bb]\n<p style=\"text-align: center;\">PRODUCTOS<\/p>\n[\/mk_fancy_title][\/vc_column][\/mk_page_section][vc_row padding=\u00bb0&#8243;][vc_column][mk_fancy_title color=\u00bb#da291c\u00bb size=\u00bb40&#8243; font_weight=\u00bbbold\u00bb txt_transform=\u00bbcapitalize\u00bb letter_spacing=\u00bb1&#8243; margin_top=\u00bb120&#8243; margin_bottom=\u00bb0&#8243; font_family=\u00bbMontserrat\u00bb font_type=\u00bbgoogle\u00bb align=\u00bbcenter\u00bb]Tecnolog\u00eda Made in Italy[\/mk_fancy_title][vc_column_text disable_pattern=\u00bbfalse\u00bb align=\u00bbcenter\u00bb css=\u00bb.vc_custom_1518260423053{margin-bottom: 0px !important;}\u00bb]Calidad, rapidez y fiabilidad son las caracter\u00edsticas de nuestra gama, dise\u00f1ada y construida en nuestra empresa, donde la investigaci\u00f3n tecnol\u00f3gica, la tradici\u00f3n y la presencia en el sector de las curtidur\u00edas desde hace m\u00e1s de 50 a\u00f1os son un todo.[\/vc_column_text][mk_padding_divider size=\u00bb80&#8243;][\/vc_column][\/vc_row][vc_row equal_columns=\u00bbtrue\u00bb css=\u00bb.vc_custom_1558088696905{padding-top: 0px !important;padding-right: 0px !important;padding-bottom: 0px !important;padding-left: 0px !important;}\u00bb][vc_column width=\u00bb1\/3&#8243; css=\u00bb.vc_custom_1518259890560{margin-top: 0px !important;margin-right: 0px !important;margin-bottom: 0px !important;margin-left: 0px !important;border-top-width: 0px !important;border-right-width: 0px !important;border-bottom-width: 0px !important;border-left-width: 0px !important;background-color: #ececec !important;}\u00bb][mk_padding_divider size=\u00bb20&#8243;][mk_icon_box2 icon_type=\u00bbimage\u00bb icon_size=\u00bbinherit\u00bb icon_image=\u00bbhttps:\/\/www.cmpersico.com\/wp-content\/uploads\/2018\/02\/foto_100_trasparente.png\u00bb title=\u00bbM\u00c1QUINA DESCARNADORA CONTINUA PARA PIELES EN TRIPA Y PELO MOD &quot;SP&quot;\u00bb title_size=\u00bb19&#8243; title_color=\u00bb#222222&#8243; title_top_padding=\u00bb40&#8243; align=\u00bbleft\u00bb read_more_url=\u00bb\/es\/productos\/maquina-descarnadora-continua\/\u00bb]\n<div style=\"font-size: 14px; color: #808080;\">\n<p>Para un descarnado de \u00faltima generaci\u00f3n la descarnadora continua Mod. SP, fabricada en las longitudes 3100 y 3400, permite descarnar de manera excelente pieles en tripa, pelo con y sin joroba.<\/p>\n<\/div>\n[\/mk_icon_box2][mk_button dimension=\u00bbflat\u00bb size=\u00bbmedium\u00bb url=\u00bb\/es\/productos\/maquina-descarnadora-continua\/\u00bb align=\u00bbcenter\u00bb margin_top=\u00bb30&#8243; margin_bottom=\u00bb30&#8243;]Saber m\u00e1s[\/mk_button][\/vc_column][vc_column border_color=\u00bb#ffffff\u00bb width=\u00bb1\/3&#8243; css=\u00bb.vc_custom_1518259906200{margin-top: 0px !important;margin-right: 0px !important;margin-bottom: 0px !important;margin-left: 0px !important;border-top-width: 0px !important;border-right-width: 0px !important;border-bottom-width: 0px !important;border-left-width: 0px !important;}\u00bb][mk_padding_divider size=\u00bb20&#8243;][mk_icon_box2 icon_type=\u00bbimage\u00bb icon_size=\u00bbinherit\u00bb icon_image=\u00bbhttps:\/\/www.cmpersico.com\/wp-content\/uploads\/2020\/01\/prodotti_1280x850.jpg\u00bb title=\u00bbBOMBA DE CARNAZA P22&#8243; title_color=\u00bb#222222&#8243; title_top_padding=\u00bb40&#8243; align=\u00bbleft\u00bb read_more_url=\u00bbhttps:\/\/www.cmpersico.com\/es\/productos\/bomba-de-carnaza-p22\/\u00bb]\n<div style=\"font-size: 14px; color: #808080;\">\n<p class=\"p1\"><span class=\"s1\">Bomba oleodin\u00e1mica de alta eficiencia para el env\u00edo de la carnaza de la m\u00e1quina al dep\u00f3sito de recogida, a una distancia de unos 150 m. La gran fiabilidad est\u00e1 garantizada por un cuerpo de acero con superficies des deslizamiento tratadas en material antidesgaste.<\/span><\/p>\n<\/div>\n[\/mk_icon_box2][mk_button dimension=\u00bbflat\u00bb size=\u00bbmedium\u00bb url=\u00bbhttps:\/\/www.cmpersico.com\/es\/productos\/bomba-de-carnaza-p22\/\u00bb align=\u00bbcenter\u00bb margin_top=\u00bb30&#8243; margin_bottom=\u00bb30&#8243;]Saber m\u00e1s[\/mk_button][\/vc_column][vc_column border_color=\u00bb#ffffff\u00bb width=\u00bb1\/3&#8243; css=\u00bb.vc_custom_1518259861721{background-color: #ececec !important;border-radius: 5px !important;}\u00bb][mk_padding_divider size=\u00bb20&#8243;][mk_icon_box2 icon_type=\u00bbimage\u00bb icon_size=\u00bbinherit\u00bb icon_image=\u00bbhttps:\/\/www.cmpersico.com\/wp-content\/uploads\/2018\/02\/manipolatore-pelli_1280x850.png\u00bb title=\u00bbMANIPULADOR DE PIELES M23&#8243; title_color=\u00bb#222222&#8243; title_top_padding=\u00bb40&#8243; align=\u00bbleft\u00bb read_more_url=\u00bb\/es\/productos\/manipulador-de-pieles-m23\/\u00bb]\n<div style=\"font-size: 14px; color: #808080;\">\n<p>El manipulador para pieles de tres v\u00edas M23 le permite alimentar su m\u00e1quina descarnadora (o cualquier otra m\u00e1quina) sincronizando la llegada de la piel a la llamada del operador, maximizando as\u00ed la producci\u00f3n y salvaguardando la calidad del trabajo de los operadores.<\/p>\n<\/div>\n[\/mk_icon_box2][mk_button dimension=\u00bbflat\u00bb size=\u00bbmedium\u00bb url=\u00bb\/es\/productos\/manipulador-de-pieles-m23\/\u00bb align=\u00bbcenter\u00bb margin_top=\u00bb30&#8243; margin_bottom=\u00bb30&#8243;]Saber m\u00e1s[\/mk_button][\/vc_column][\/vc_row][vc_row padding=\u00bb0&#8243;][vc_column][mk_padding_divider size=\u00bb80&#8243;][\/vc_column][\/vc_row]\n<\/div>","protected":false},"excerpt":{"rendered":"<p>[mk_page_section bg_image=\u00bbhttps:\/\/www.cmpersico.com\/wp-content\/uploads\/2018\/01\/prodotti_2.jpg\u00bb attachment=\u00bbfixed\u00bb bg_position=\u00bbcenter center\u00bb bg_repeat=\u00bbno-repeat\u00bb bg_stretch=\u00bbtrue\u00bb video_color_mask=\u00bb#000000&#8243; min_height=\u00bb0&#8243; padding_top=\u00bb150&#8243; padding_bottom=\u00bb150&#8243; sidebar=\u00bbsidebar-1&#8243;][vc_column][mk_fancy_title tag_name=\u00bbh1&#8243; color=\u00bb#ffffff\u00bb size=\u00bb50&#8243; font_weight=\u00bbbold\u00bb txt_transform=\u00bbuppercase\u00bb margin_bottom=\u00bb0&#8243; font_family=\u00bbnone\u00bb align=\u00bbcenter\u00bb] PRODUCTOS [\/mk_fancy_title][\/vc_column][\/mk_page_section][vc_row padding=\u00bb0&#8243;][vc_column][mk_fancy_title color=\u00bb#da291c\u00bb size=\u00bb40&#8243; font_weight=\u00bbbold\u00bb txt_transform=\u00bbcapitalize\u00bb letter_spacing=\u00bb1&#8243; margin_top=\u00bb120&#8243; margin_bottom=\u00bb0&#8243; font_family=\u00bbMontserrat\u00bb font_type=\u00bbgoogle\u00bb align=\u00bbcenter\u00bb]Tecnolog\u00eda Made in Italy[\/mk_fancy_title][vc_column_text disable_pattern=\u00bbfalse\u00bb align=\u00bbcenter\u00bb css=\u00bb.vc_custom_1518260423053{margin-bottom: 0px !important;}\u00bb]Calidad, rapidez y fiabilidad son las caracter\u00edsticas de nuestra gama, dise\u00f1ada y construida en nuestra [&hellip;]<\/p>\n","protected":false},"author":3,"featured_media":0,"parent":0,"menu_order":0,"comment_status":"open","ping_status":"closed","template":"","meta":{"footnotes":""},"class_list":["post-7524","page","type-page","status-publish","hentry"],"_links":{"self":[{"href":"https:\/\/www.cmpersico.com\/es\/wp-json\/wp\/v2\/pages\/7524","targetHints":{"allow":["GET"]}}],"collection":[{"href":"https:\/\/www.cmpersico.com\/es\/wp-json\/wp\/v2\/pages"}],"about":[{"href":"https:\/\/www.cmpersico.com\/es\/wp-json\/wp\/v2\/types\/page"}],"author":[{"embeddable":true,"href":"https:\/\/www.cmpersico.com\/es\/wp-json\/wp\/v2\/users\/3"}],"replies":[{"embeddable":true,"href":"https:\/\/www.cmpersico.com\/es\/wp-json\/wp\/v2\/comments?post=7524"}],"version-history":[{"count":0,"href":"https:\/\/www.cmpersico.com\/es\/wp-json\/wp\/v2\/pages\/7524\/revisions"}],"wp:attachment":[{"href":"https:\/\/www.cmpersico.com\/es\/wp-json\/wp\/v2\/media?parent=7524"}],"curies":[{"name":"wp","href":"https:\/\/api.w.org\/{rel}","templated":true}]}}