{"id":7522,"date":"2020-01-21T16:02:39","date_gmt":"2020-01-21T15:02:39","guid":{"rendered":"https:\/\/www.cmpersico.com\/bomba-de-carnaza-p22\/"},"modified":"2021-09-23T13:59:36","modified_gmt":"2021-09-23T11:59:36","slug":"bomba-de-carnaza-p22","status":"publish","type":"page","link":"https:\/\/www.cmpersico.com\/es\/productos\/bomba-de-carnaza-p22\/","title":{"rendered":"BOMBA DE CARNAZA P22"},"content":{"rendered":"<div class=\"wpb-content-wrapper\">[vc_row fullwidth=\u00bbtrue\u00bb fullwidth_content=\u00bbfalse\u00bb css=\u00bb.vc_custom_1518265534451{background-color: #ececec !important;}\u00bb][vc_column][mk_image src=\u00bbhttps:\/\/www.cmpersico.com\/wp-content\/uploads\/2020\/01\/header_p-carniccio_13e9.png\u00bb image_width=\u00bb1280&#8243; image_height=\u00bb500&#8243;][\/vc_column][\/vc_row][vc_row][vc_column][mk_padding_divider][mk_fancy_title size=\u00bb40&#8243; font_family=\u00bbnone\u00bb]\n<p style=\"text-align: left;\">BOMBA DE CARNAZA P22<\/p>\n[\/mk_fancy_title][vc_row_inner][vc_column_inner width=\u00bb2\/3&#8243;][mk_fancy_title color=\u00bb#da291c\u00bb size=\u00bb18&#8243; font_weight=\u00bbbold\u00bb font_family=\u00bbnone\u00bb]Una nueva centralita hidr\u00e1ulica potenciada y un control electr\u00f3nico de las velocidades de transporte.[\/mk_fancy_title][vc_column_text css=\u00bb.vc_custom_1578560715112{margin-bottom: 0px !important;}\u00bb]La bomba P22 permite transportar la carne de la m\u00e1quina descarnadora al dep\u00f3sito de recogida de carne a una <u>distancia de unos 150 m.<\/u><br \/>\nLa gran fiabilidad est\u00e1 garantizada por un cuerpo de acero con superficies deslizantes tratadas en material antidesgaste, todas las dem\u00e1s partes, el dep\u00f3sito de la tolva y el cuadro el\u00e9ctrico son de acero inoxidable.<br \/>\nEl sistema de control advierte en caso de obstrucci\u00f3n del tubo de transporte de la carnaza, atasco o rotura de alg\u00fan tubo de aceite.[\/vc_column_text][\/vc_column_inner][vc_column_inner width=\u00bb1\/3&#8243;][mk_padding_divider size=\u00bb90&#8243;][mk_button dimension=\u00bbflat\u00bb corner_style=\u00bbrounded\u00bb size=\u00bbmedium\u00bb url=\u00bbhttps:\/\/www.cmpersico.com\/wp-content\/uploads\/2018\/02\/scheda-pompa-oleodinamica-persico_ita-ing_2018_hi.pdf\u00bb target=\u00bb_blank\u00bb fullwidth=\u00bbtrue\u00bb margin_right=\u00bb0&#8243;]FICHA T\u00c1CNICA[\/mk_button][vc_btn title=\u00bbDescubra el producto en Assomac\u00a0\u00bb style=\u00bbflat\u00bb align=\u00bbcenter\u00bb i_align=\u00bbright\u00bb i_icon_fontawesome=\u00bb\u00bb button_block=\u00bbtrue\u00bb add_icon=\u00bbtrue\u00bb link=\u00bburl:https%3A%2F%2Fassomac.it%2Fen%2F|\u00bb][\/vc_column_inner][\/vc_row_inner][mk_padding_divider][mk_image src=\u00bbhttps:\/\/www.cmpersico.com\/wp-content\/uploads\/2020\/01\/1.jpg\u00bb image_width=\u00bb1280&#8243; image_height=\u00bb700&#8243;][vc_row_inner][vc_column_inner][mk_divider margin_top=\u00bb30&#8243; margin_bottom=\u00bb30&#8243;][\/vc_column_inner][\/vc_row_inner][\/vc_column][\/vc_row][vc_row][vc_column width=\u00bb1\/2&#8243;][mk_image src=\u00bbhttps:\/\/www.cmpersico.com\/wp-content\/uploads\/2017\/12\/pompa-oleodinamica_mkt_6598_800x550.jpg\u00bb image_height=\u00bb400&#8243; lightbox=\u00bbtrue\u00bb margin_bottom=\u00bb20&#8243;][vc_column_text css=\u00bb.vc_custom_1517246456391{margin-bottom: 0px !important;}\u00bb]Intercambiador de calor para enfriamiento del aceite.[\/vc_column_text][\/vc_column][vc_column width=\u00bb1\/2&#8243;][mk_image src=\u00bbhttps:\/\/www.cmpersico.com\/wp-content\/uploads\/2017\/12\/107_pompa-oleodinamica-persico.jpg\u00bb image_height=\u00bb400&#8243; lightbox=\u00bbtrue\u00bb margin_bottom=\u00bb30&#8243;][vc_column_text css=\u00bb.vc_custom_1517246483302{margin-bottom: 0px !important;}\u00bb]Toda las funciones de la bomba de carnaza son probadas por personal cualificado antes del env\u00edo.[\/vc_column_text][\/vc_column][\/vc_row][vc_row][vc_column][mk_padding_divider size=\u00bb20&#8243;][\/vc_column][\/vc_row][vc_row][vc_column width=\u00bb1\/2&#8243;][mk_image src=\u00bbhttps:\/\/www.cmpersico.com\/wp-content\/uploads\/2017\/12\/dscn1442_magazzino-pompa-oledinamica.jpg\u00bb image_height=\u00bb400&#8243; lightbox=\u00bbtrue\u00bb margin_bottom=\u00bb20&#8243;][vc_column_text css=\u00bb.vc_custom_1517246496805{margin-bottom: 0px !important;}\u00bb]La empresa CM Persico siempre garantiza todas las piezas de repuesto listas para su env\u00edo en unas pocas horas.[\/vc_column_text][\/vc_column][vc_column width=\u00bb1\/2&#8243;][mk_image src=\u00bbhttps:\/\/www.cmpersico.com\/wp-content\/uploads\/2020\/01\/13.png\u00bb image_height=\u00bb400&#8243; lightbox=\u00bbtrue\u00bb margin_bottom=\u00bb20&#8243;][vc_column_text css=\u00bb.vc_custom_1518625735546{margin-bottom: 0px !important;}\u00bb]Tolva en bomba de carnaza.[\/vc_column_text][\/vc_column][\/vc_row][vc_row][vc_column][mk_padding_divider][mk_fancy_title color=\u00bb#da291c\u00bb size=\u00bb18&#8243; font_weight=\u00bbbold\u00bb font_family=\u00bbnone\u00bb]Colocaci\u00f3n de la bomba de carnaza[\/mk_fancy_title][\/vc_column][\/vc_row][vc_row][vc_column width=\u00bb1\/2&#8243;][mk_image src=\u00bbhttps:\/\/www.cmpersico.com\/wp-content\/uploads\/2020\/01\/5-frecce.png\u00bb image_height=\u00bb400&#8243; lightbox=\u00bbtrue\u00bb margin_bottom=\u00bb30&#8243;][vc_column_text css=\u00bb.vc_custom_1518624081036{margin-bottom: 0px !important;}\u00bb]Disposici\u00f3n debajo de la m\u00e1quina de descarnado con expulsi\u00f3n de la carnaza a la izquierda[\/vc_column_text][\/vc_column][vc_column width=\u00bb1\/2&#8243;][mk_image src=\u00bbhttps:\/\/www.cmpersico.com\/wp-content\/uploads\/2020\/01\/6-frecce.png\u00bb image_height=\u00bb400&#8243; lightbox=\u00bbtrue\u00bb margin_bottom=\u00bb30&#8243;][vc_column_text css=\u00bb.vc_custom_1518624069981{margin-bottom: 0px !important;}\u00bb]Disposici\u00f3n debajo de la m\u00e1quina de descarnado con expulsi\u00f3n de la carnaza a la derecha[\/vc_column_text][\/vc_column][\/vc_row]\n<\/div>","protected":false},"excerpt":{"rendered":"<p>[vc_row fullwidth=\u00bbtrue\u00bb fullwidth_content=\u00bbfalse\u00bb css=\u00bb.vc_custom_1518265534451{background-color: #ececec !important;}\u00bb][vc_column][mk_image src=\u00bbhttps:\/\/www.cmpersico.com\/wp-content\/uploads\/2020\/01\/header_p-carniccio_13e9.png\u00bb image_width=\u00bb1280&#8243; image_height=\u00bb500&#8243;][\/vc_column][\/vc_row][vc_row][vc_column][mk_padding_divider][mk_fancy_title size=\u00bb40&#8243; font_family=\u00bbnone\u00bb] BOMBA DE CARNAZA P22 [\/mk_fancy_title][vc_row_inner][vc_column_inner width=\u00bb2\/3&#8243;][mk_fancy_title color=\u00bb#da291c\u00bb size=\u00bb18&#8243; font_weight=\u00bbbold\u00bb font_family=\u00bbnone\u00bb]Una nueva centralita hidr\u00e1ulica potenciada y un control electr\u00f3nico de las velocidades de transporte.[\/mk_fancy_title][vc_column_text css=\u00bb.vc_custom_1578560715112{margin-bottom: 0px !important;}\u00bb]La bomba P22 permite transportar la carne de la m\u00e1quina descarnadora al dep\u00f3sito de recogida de carne a una [&hellip;]<\/p>\n","protected":false},"author":3,"featured_media":0,"parent":7524,"menu_order":0,"comment_status":"closed","ping_status":"closed","template":"","meta":{"footnotes":""},"class_list":["post-7522","page","type-page","status-publish","hentry"],"_links":{"self":[{"href":"https:\/\/www.cmpersico.com\/es\/wp-json\/wp\/v2\/pages\/7522","targetHints":{"allow":["GET"]}}],"collection":[{"href":"https:\/\/www.cmpersico.com\/es\/wp-json\/wp\/v2\/pages"}],"about":[{"href":"https:\/\/www.cmpersico.com\/es\/wp-json\/wp\/v2\/types\/page"}],"author":[{"embeddable":true,"href":"https:\/\/www.cmpersico.com\/es\/wp-json\/wp\/v2\/users\/3"}],"replies":[{"embeddable":true,"href":"https:\/\/www.cmpersico.com\/es\/wp-json\/wp\/v2\/comments?post=7522"}],"version-history":[{"count":0,"href":"https:\/\/www.cmpersico.com\/es\/wp-json\/wp\/v2\/pages\/7522\/revisions"}],"up":[{"embeddable":true,"href":"https:\/\/www.cmpersico.com\/es\/wp-json\/wp\/v2\/pages\/7524"}],"wp:attachment":[{"href":"https:\/\/www.cmpersico.com\/es\/wp-json\/wp\/v2\/media?parent=7522"}],"curies":[{"name":"wp","href":"https:\/\/api.w.org\/{rel}","templated":true}]}}