{"id":7520,"date":"2020-01-21T15:57:51","date_gmt":"2020-01-21T14:57:51","guid":{"rendered":"https:\/\/www.cmpersico.com\/manipulador-de-pieles-m23\/"},"modified":"2020-01-21T16:14:49","modified_gmt":"2020-01-21T15:14:49","slug":"manipulador-de-pieles-m23","status":"publish","type":"page","link":"https:\/\/www.cmpersico.com\/es\/productos\/manipulador-de-pieles-m23\/","title":{"rendered":"MANIPULADOR DE PIELES M23"},"content":{"rendered":"<div class=\"wpb-content-wrapper\">[vc_row fullwidth=\u00bbtrue\u00bb fullwidth_content=\u00bbfalse\u00bb css=\u00bb.vc_custom_1518262051739{background-color: #ececec !important;}\u00bb][vc_column][mk_image src=\u00bbhttps:\/\/www.cmpersico.com\/wp-content\/uploads\/2018\/02\/manipolatore-pelli_1280x500.png\u00bb image_width=\u00bb1280&#8243; image_height=\u00bb500&#8243;][\/vc_column][\/vc_row][vc_row][vc_column][mk_padding_divider][mk_fancy_title size=\u00bb40&#8243; font_family=\u00bbnone\u00bb]\n<p id=\"fancy-title-5a476ee9c0006\" class=\"mk-fancy-title simple-style color-single\">MANIPULADOR DE PIELES M23<\/p>\n[\/mk_fancy_title][vc_row_inner][vc_column_inner width=\u00bb2\/3&#8243;][mk_fancy_title color=\u00bb#da291c\u00bb size=\u00bb18&#8243; font_weight=\u00bbbold\u00bb font_family=\u00bbnone\u00bb]\n<p id=\"fancy-title-5a476ee9c0896\" class=\"mk-fancy-title simple-style color-single\">Equipado con resguardos de acero inoxidable para garantizar una mayor duraci\u00f3n en entornos agresivos y una f\u00e1cil limpieza.<\/p>\n[\/mk_fancy_title][vc_column_text css=\u00bb.vc_custom_1517246905275{margin-bottom: 0px !important;}\u00bb]El manipulador de pieles de tres v\u00edas permite que las pieles se transporten desde el recipiente de recogida a la m\u00e1quina operativa por medio de pinzas neum\u00e1ticas instaladas en cabrestantes. La liberaci\u00f3n de la piel se realiza en sincron\u00eda con las fases de funcionamiento de la m\u00e1quina. La piel llega y baja a la m\u00e1quina solo cuando llega el comando de la m\u00e1quina de descarnado; de lo contrario, las pieles permanecen paradas.[\/vc_column_text][\/vc_column_inner][vc_column_inner width=\u00bb1\/3&#8243;][mk_padding_divider size=\u00bb90&#8243;][mk_button dimension=\u00bbflat\u00bb corner_style=\u00bbrounded\u00bb size=\u00bbmedium\u00bb url=\u00bbhttps:\/\/www.cmpersico.com\/wp-content\/uploads\/2018\/02\/scheda-manipolatore-persico_ita-ing_2018_hi.pdf\u00bb target=\u00bb_blank\u00bb fullwidth=\u00bbtrue\u00bb margin_right=\u00bb0&#8243;]FICHA T\u00c1CNICA[\/mk_button][vc_btn title=\u00bbDescubra el producto en Assomac\u00a0\u00bb style=\u00bbflat\u00bb align=\u00bbcenter\u00bb i_align=\u00bbright\u00bb i_icon_fontawesome=\u00bbfa fa-external-link\u00bb button_block=\u00bbtrue\u00bb add_icon=\u00bbtrue\u00bb][\/vc_column_inner][\/vc_row_inner][mk_divider margin_top=\u00bb30&#8243; margin_bottom=\u00bb30&#8243;][\/vc_column][\/vc_row][vc_row][vc_column width=\u00bb1\/2&#8243;][mk_image src=\u00bbhttps:\/\/www.cmpersico.com\/wp-content\/uploads\/2017\/12\/macchina-manipolatore-pelli.jpg\u00bb image_height=\u00bb400&#8243; lightbox=\u00bbtrue\u00bb margin_bottom=\u00bb20&#8243;][vc_column_text css=\u00bb.vc_custom_1517246934744{margin-bottom: 0px !important;}\u00bb]Los diferentes ajustes de los movimientos se realizan electr\u00f3nicamente a trav\u00e9s de una pantalla t\u00e1ctil con software intuitivo, sin necesidad de intervenci\u00f3n de un t\u00e9cnico.[\/vc_column_text][\/vc_column][vc_column width=\u00bb1\/2&#8243;][mk_image src=\u00bbhttps:\/\/www.cmpersico.com\/wp-content\/uploads\/2017\/12\/quadro_manipolatore_pelli.jpg\u00bb image_height=\u00bb400&#8243; lightbox=\u00bbtrue\u00bb margin_bottom=\u00bb20&#8243;][vc_column_text css=\u00bb.vc_custom_1518262553931{margin-bottom: 0px !important;}\u00bb]\n<p class=\"p1\">Cuadro electr\u00f3nico de comandos para ajustar las pinzas en la carrera hacia adelante\/atr\u00e1s hasta 5 metros y en la subida\/bajada de hasta 4,5 metros.<\/p>\n[\/vc_column_text][\/vc_column][\/vc_row][vc_row][vc_column][mk_padding_divider size=\u00bb20&#8243;][\/vc_column][\/vc_row]\n<\/div>","protected":false},"excerpt":{"rendered":"<p>[vc_row fullwidth=\u00bbtrue\u00bb fullwidth_content=\u00bbfalse\u00bb css=\u00bb.vc_custom_1518262051739{background-color: #ececec !important;}\u00bb][vc_column][mk_image src=\u00bbhttps:\/\/www.cmpersico.com\/wp-content\/uploads\/2018\/02\/manipolatore-pelli_1280x500.png\u00bb image_width=\u00bb1280&#8243; image_height=\u00bb500&#8243;][\/vc_column][\/vc_row][vc_row][vc_column][mk_padding_divider][mk_fancy_title size=\u00bb40&#8243; font_family=\u00bbnone\u00bb] MANIPULADOR DE PIELES M23 [\/mk_fancy_title][vc_row_inner][vc_column_inner width=\u00bb2\/3&#8243;][mk_fancy_title color=\u00bb#da291c\u00bb size=\u00bb18&#8243; font_weight=\u00bbbold\u00bb font_family=\u00bbnone\u00bb] Equipado con resguardos de acero inoxidable para garantizar una mayor duraci\u00f3n en entornos agresivos y una f\u00e1cil limpieza. [\/mk_fancy_title][vc_column_text css=\u00bb.vc_custom_1517246905275{margin-bottom: 0px !important;}\u00bb]El manipulador de pieles de tres v\u00edas permite que las pieles se transporten [&hellip;]<\/p>\n","protected":false},"author":3,"featured_media":0,"parent":7524,"menu_order":0,"comment_status":"closed","ping_status":"closed","template":"","meta":{"footnotes":""},"class_list":["post-7520","page","type-page","status-publish","hentry"],"_links":{"self":[{"href":"https:\/\/www.cmpersico.com\/es\/wp-json\/wp\/v2\/pages\/7520","targetHints":{"allow":["GET"]}}],"collection":[{"href":"https:\/\/www.cmpersico.com\/es\/wp-json\/wp\/v2\/pages"}],"about":[{"href":"https:\/\/www.cmpersico.com\/es\/wp-json\/wp\/v2\/types\/page"}],"author":[{"embeddable":true,"href":"https:\/\/www.cmpersico.com\/es\/wp-json\/wp\/v2\/users\/3"}],"replies":[{"embeddable":true,"href":"https:\/\/www.cmpersico.com\/es\/wp-json\/wp\/v2\/comments?post=7520"}],"version-history":[{"count":0,"href":"https:\/\/www.cmpersico.com\/es\/wp-json\/wp\/v2\/pages\/7520\/revisions"}],"up":[{"embeddable":true,"href":"https:\/\/www.cmpersico.com\/es\/wp-json\/wp\/v2\/pages\/7524"}],"wp:attachment":[{"href":"https:\/\/www.cmpersico.com\/es\/wp-json\/wp\/v2\/media?parent=7520"}],"curies":[{"name":"wp","href":"https:\/\/api.w.org\/{rel}","templated":true}]}}