{"id":7518,"date":"2020-01-21T12:04:32","date_gmt":"2020-01-21T11:04:32","guid":{"rendered":"https:\/\/www.cmpersico.com\/maquina-descarnadora-continua\/"},"modified":"2020-01-22T08:55:37","modified_gmt":"2020-01-22T07:55:37","slug":"maquina-descarnadora-continua","status":"publish","type":"page","link":"https:\/\/www.cmpersico.com\/es\/productos\/maquina-descarnadora-continua\/","title":{"rendered":"M\u00c1QUINA DESCARNADORA CONTINUA"},"content":{"rendered":"<div class=\"wpb-content-wrapper\">[vc_row fullwidth=\u00bbtrue\u00bb fullwidth_content=\u00bbfalse\u00bb css=\u00bb.vc_custom_1518266861273{background-color: #ececec !important;}\u00bb][vc_column][vc_row_inner][vc_column_inner]\n\t\t\t<!-- START Slidervideoprodotti REVOLUTION SLIDER 6.7.53 --><p class=\"rs-p-wp-fix\"><\/p>\n\t\t\t<rs-module-wrap id=\"rev_slider_4_1_wrapper\" data-source=\"gallery\" style=\"visibility:hidden;background:rgba(0,122,255,0);padding:0;margin:0px auto;margin-top:0;margin-bottom:0;\">\n\t\t\t\t<rs-module id=\"rev_slider_4_1\" style=\"\" data-version=\"6.7.53\">\n\t\t\t\t\t<rs-slides style=\"overflow: hidden; position: absolute;\">\n\t\t\t\t\t\t<rs-slide style=\"position: absolute;\" data-key=\"rs-8\" data-title=\"VIdeo ES\" data-anim=\"ms:1000;r:0;\" data-in=\"o:0;\" data-out=\"a:false;\">\n\t\t\t\t\t\t\t<img decoding=\"async\" src=\"\/\/www.cmpersico.com\/wp-content\/plugins\/revslider\/sr6\/assets\/assets\/dummy.png\" alt=\"\" title=\"persico_macchina-scarnatrice_it\" width=\"1672\" height=\"940\" class=\"rev-slidebg tp-rs-img rs-lazyload\" data-lazyload=\"\/\/www.cmpersico.com\/wp-content\/uploads\/2020\/01\/persico_macchina-scarnatrice_it.jpg\" data-no-retina>\n\t\t\t\t\t\t\t<rs-bgvideo \n\t\t\t\t\t\t\t\tdata-video=\"vc:none;w:100%;h:100%;ar:4:3;nse:false;l:false;ptimer:false;\"\n\t\t\t\t\t\t\t\tdata-ytid=\"xvBlZm-O8aI\"\n\t\t\t\t\t\t\t\tdata-vatr=\"version=3&amp;enablejsapi=1&amp;html5=1&amp;hd=1&amp;wmode=opaque&amp;showinfo=0&amp;rel=0&amp;origin=https:\/\/www.cmpersico.com;\"\n\t\t\t\t\t\t\t><\/rs-bgvideo>\n<!---->\t\t\t\t\t<\/rs-slide>\n\t\t\t\t\t<\/rs-slides>\n\t\t\t\t<\/rs-module>\n\t\t\t\t<script>\n\t\t\t\t\tsetREVStartSize({c: 'rev_slider_4_1',rl:[1240,1024,768,480],el:[600],gw:[1240],gh:[600],type:'hero',justify:'',layout:'fullwidth',mh:\"0\"});if (window.RS_MODULES!==undefined && window.RS_MODULES.modules!==undefined && window.RS_MODULES.modules[\"revslider41\"]!==undefined) {window.RS_MODULES.modules[\"revslider41\"].once = false;window.revapi4 = undefined;if (window.RS_MODULES.checkMinimal!==undefined) window.RS_MODULES.checkMinimal()}\n\t\t\t\t<\/script>\n\t\t\t<\/rs-module-wrap>\n\t\t\t<!-- END REVOLUTION SLIDER -->\n[\/vc_column_inner][\/vc_row_inner][\/vc_column][\/vc_row][vc_row][vc_column][mk_padding_divider][mk_fancy_title size=\u00bb40&#8243; font_family=\u00bbnone\u00bb]\n<p style=\"text-align: left;\">M\u00c1QUINA DESCARNADORA CONTINUA MOD \u00abSP\u00bb<br \/>\nPARA PIELES EN TRIPA Y PELO<\/p>\n[\/mk_fancy_title][vc_row_inner][vc_column_inner width=\u00bb2\/3&#8243;][mk_fancy_title color=\u00bb#da291c\u00bb size=\u00bb18&#8243; font_weight=\u00bbbold\u00bb font_family=\u00bbnone\u00bb]Una nueva centralita hidr\u00e1ulica potenciada y un control electr\u00f3nico de las velocidades de transporte.[\/mk_fancy_title][vc_column_text css=\u00bb.vc_custom_1518267691945{margin-bottom: 0px !important;}\u00bb]Descarnar continuamente permite alcanzar una productividad muy alta. Con la tecnolog\u00eda de descarnado desarrollada por la empresa CM Persico durante sus 50 a\u00f1os de experiencia en el sector del cuero, la calidad del descarnado est\u00e1 en los niveles m\u00e1s altos alcanzables.<\/p>\n<p>La piel se introduce desde la parte de la cabeza a la parte superior de la m\u00e1quina, con el comando del operador se cierra el banco de descarnado y la piel entra en la m\u00e1quina; en esta fase se descarna la parte de la cola. El operador monitoriza el progreso de la operaci\u00f3n y, en el momento apropiado, con un comando, comienza el descarnado de la segunda mitad de la piel, la parte del cuello. En este punto, a medida que se descara la piel, sale de la cinta de salida en la parte delantera de la m\u00e1quina descarnadora con la flor hacia arriba y la cola delante.[\/vc_column_text][\/vc_column_inner][vc_column_inner width=\u00bb1\/3&#8243;][mk_padding_divider size=\u00bb90&#8243;][mk_button dimension=\u00bbflat\u00bb corner_style=\u00bbrounded\u00bb size=\u00bbmedium\u00bb url=\u00bbhttps:\/\/www.cmpersico.com\/wp-content\/uploads\/2018\/02\/scheda-scarnatrice-persico_ita-ing_2018_hi.pdf\u00bb target=\u00bb_blank\u00bb fullwidth=\u00bbtrue\u00bb margin_right=\u00bb0&#8243;]FICHA T\u00c1CNICA[\/mk_button][vc_btn title=\u00bbDescubra el producto en Assomac\u00a0\u00bb style=\u00bbflat\u00bb align=\u00bbcenter\u00bb i_align=\u00bbright\u00bb i_icon_fontawesome=\u00bbfa fa-external-link\u00bb button_block=\u00bbtrue\u00bb add_icon=\u00bbtrue\u00bb][\/vc_column_inner][\/vc_row_inner][mk_divider margin_top=\u00bb30&#8243; margin_bottom=\u00bb30&#8243;][\/vc_column][\/vc_row][vc_row][vc_column width=\u00bb1\/2&#8243;][mk_image src=\u00bbhttps:\/\/www.cmpersico.com\/wp-content\/uploads\/2017\/02\/mkt_6616_800x550.jpg\u00bb image_height=\u00bb400&#8243; lightbox=\u00bbtrue\u00bb margin_bottom=\u00bb20&#8243;][vc_column_text css=\u00bb.vc_custom_1517245101196{margin-bottom: 0px !important;}\u00bb]Bastidor de acero electrosoldado y pintado con las mejores tecnolog\u00edas disponibles en el mercado para evitar cualquier tipo de corrosi\u00f3n con el tiempo.[\/vc_column_text][\/vc_column][vc_column width=\u00bb1\/2&#8243;][mk_image src=\u00bbhttps:\/\/www.cmpersico.com\/wp-content\/uploads\/2017\/12\/mkt_6609_800x550.jpg\u00bb image_height=\u00bb400&#8243; lightbox=\u00bbtrue\u00bb margin_bottom=\u00bb20&#8243;][vc_column_text css=\u00bb.vc_custom_1517245118186{margin-bottom: 0px !important;}\u00bb]Se prueban las funciones de todas las m\u00e1quinas antes del env\u00edo.[\/vc_column_text][\/vc_column][\/vc_row][vc_row][vc_column][mk_padding_divider size=\u00bb20&#8243;][\/vc_column][\/vc_row][vc_row][vc_column width=\u00bb1\/2&#8243;][mk_image src=\u00bbhttps:\/\/www.cmpersico.com\/wp-content\/uploads\/2017\/12\/gruppo-coclee-per-carniccio-2.jpg\u00bb image_height=\u00bb400&#8243; lightbox=\u00bbtrue\u00bb margin_bottom=\u00bb30&#8243;][mk_fancy_title size=\u00bb19&#8243; margin_bottom=\u00bb0&#8243; font_family=\u00bbnone\u00bb]\n<p style=\"text-align: left;\">Grupo de c\u00f3cleas para el transporte de carnaza<\/p>\n[\/mk_fancy_title][vc_column_text css=\u00bb.vc_custom_1517246234259{margin-bottom: 0px !important;}\u00bb]Se instala delante de los rodillos descarnadores y est\u00e1 compuesto por dos tolvas de acero inoxidable que contienen dos c\u00f3cleas que giran transportando la carnaza hacia la tolva de la bomba de carnaza.<br \/>\nEs una tecnolog\u00eda muy fiable que, a diferencia de los sistemas tradicionales, no utiliza agua para transportar la carnaza.[\/vc_column_text][\/vc_column][vc_column width=\u00bb1\/2&#8243;][mk_image src=\u00bbhttps:\/\/www.cmpersico.com\/wp-content\/uploads\/2018\/01\/schienale_2.jpg\u00bb image_height=\u00bb400&#8243; lightbox=\u00bbtrue\u00bb margin_bottom=\u00bb20&#8243;][mk_fancy_title size=\u00bb19&#8243; margin_bottom=\u00bb0&#8243; font_family=\u00bbnone\u00bb]\n<p style=\"text-align: left;\">Bancos de descarnado neum\u00e1ticos de alta eficiencia<\/p>\n[\/mk_fancy_title][vc_column_text css=\u00bb.vc_custom_1517246202284{margin-bottom: 0px !important;}\u00bb]La gran dedicaci\u00f3n de nuestros t\u00e9cnicos nos ha permitido desarrollar y experimentar nuevos sistemas de descarnado a lo largo de los a\u00f1os. Desde hace algunos a\u00f1os las m\u00e1quinas descarnadoras SP han sido equipadas con bancos de descarnado neum\u00e1ticos que garantizan una excelente limpieza de la piel.[\/vc_column_text][\/vc_column][\/vc_row][vc_row][vc_column][mk_padding_divider][mk_fancy_title color=\u00bb#da291c\u00bb size=\u00bb18&#8243; font_weight=\u00bbbold\u00bb font_family=\u00bbnone\u00bb]C\u00f3mo funciona[\/mk_fancy_title][\/vc_column][\/vc_row][vc_row][vc_column width=\u00bb1\/4&#8243;][mk_image src=\u00bbhttps:\/\/www.cmpersico.com\/wp-content\/uploads\/2018\/01\/funzionamento_fase1.jpg\u00bb image_height=\u00bb550&#8243; lightbox=\u00bbtrue\u00bb margin_bottom=\u00bb30&#8243;][mk_fancy_title size=\u00bb19&#8243; margin_top=\u00bb10&#8243; margin_bottom=\u00bb0&#8243; font_family=\u00bbnone\u00bb]\n<p style=\"text-align: left;\">Fase 1<\/p>\n[\/mk_fancy_title][vc_column_text css=\u00bb.vc_custom_1517245201807{margin-bottom: 0px !important;}\u00bb]ntroducir la piel desde la cabeza.<br \/>\nLa piel se transporta hacia el interior de la m\u00e1quina y se descarna la parte posterior de la piel, del lado de la cola.[\/vc_column_text][\/vc_column][vc_column width=\u00bb1\/4&#8243;][mk_image src=\u00bbhttps:\/\/www.cmpersico.com\/wp-content\/uploads\/2018\/01\/funzionamento_fase2.jpg\u00bb image_height=\u00bb550&#8243; lightbox=\u00bbtrue\u00bb margin_bottom=\u00bb30&#8243;][mk_fancy_title size=\u00bb19&#8243; margin_top=\u00bb10&#8243; margin_bottom=\u00bb0&#8243; font_family=\u00bbnone\u00bb]\n<p style=\"text-align: left;\">Fase 2<\/p>\n[\/mk_fancy_title][vc_column_text css=\u00bb.vc_custom_1517245215470{margin-bottom: 0px !important;}\u00bb]La piel baja a los rodillos de transporte inferiores hasta que el operador ve pasar a trav\u00e9s del espejo el principio de la parte descarnada.[\/vc_column_text][\/vc_column][vc_column width=\u00bb1\/4&#8243;][mk_image src=\u00bbhttps:\/\/www.cmpersico.com\/wp-content\/uploads\/2018\/01\/funzionamento_fase3.jpg\u00bb image_height=\u00bb550&#8243; lightbox=\u00bbtrue\u00bb margin_bottom=\u00bb30&#8243;][mk_fancy_title size=\u00bb19&#8243; margin_top=\u00bb10&#8243; margin_bottom=\u00bb0&#8243; font_family=\u00bbnone\u00bb]\n<p style=\"text-align: left;\">Fase 3<\/p>\n[\/mk_fancy_title][vc_column_text css=\u00bb.vc_custom_1517245228333{margin-bottom: 0px !important;}\u00bb]Cierre del rodillo de transporte inferior.[\/vc_column_text][\/vc_column][vc_column width=\u00bb1\/4&#8243;][mk_image src=\u00bbhttps:\/\/www.cmpersico.com\/wp-content\/uploads\/2018\/01\/funzionamento_fase4.jpg\u00bb image_height=\u00bb550&#8243; lightbox=\u00bbtrue\u00bb margin_bottom=\u00bb30&#8243;][mk_fancy_title size=\u00bb19&#8243; margin_top=\u00bb10&#8243; margin_bottom=\u00bb0&#8243; font_family=\u00bbnone\u00bb]\n<p style=\"text-align: left;\">Fase 4<\/p>\n[\/mk_fancy_title][vc_column_text css=\u00bb.vc_custom_1517245245884{margin-bottom: 0px !important;}\u00bb]Apertura del banco oscilante en la parte superior y cierre en la parte inferior.<br \/>\nComienzo del descarnado en la parte inferior de la m\u00e1quina para descarnar la segunda mitad de la piel, la parte de la cabeza.<br \/>\nPara esto, la piel completamente trabajada sale de la parte delantera de la m\u00e1quina hacia la cinta de salida con la cola delante y el lado flor dirigido hacia arriba.[\/vc_column_text][\/vc_column][\/vc_row][vc_row][vc_column][mk_padding_divider][mk_fancy_title size=\u00bb18&#8243; font_weight=\u00bbbold\u00bb font_family=\u00bbnone\u00bb]<strong>Opcional<\/strong>[\/mk_fancy_title][\/vc_column][\/vc_row][vc_row][vc_column width=\u00bb1\/2&#8243;][mk_image src=\u00bbhttps:\/\/www.cmpersico.com\/wp-content\/uploads\/2020\/01\/4.png\u00bb image_height=\u00bb450&#8243; lightbox=\u00bbtrue\u00bb margin_bottom=\u00bb20&#8243;][mk_fancy_title size=\u00bb19&#8243; margin_bottom=\u00bb0&#8243; font_family=\u00bbnone\u00bb]\n<p style=\"text-align: left;\">Elevadores para base<\/p>\n[\/mk_fancy_title][vc_column_text css=\u00bb.vc_custom_1517245420650{margin-bottom: 0px !important;}\u00bb]A petici\u00f3n se suministran elevadores de acero galvanizado en caliente para la instalaci\u00f3n de la descanadora a una altura de 1,2 m.<br \/>\nLos elevadores incluyen resguardos y cancela con microinterruptor de seguridad para los mantenimientos.[\/vc_column_text][mk_padding_divider][\/vc_column][vc_column width=\u00bb1\/2&#8243;][mk_image src=\u00bbhttps:\/\/www.cmpersico.com\/wp-content\/uploads\/2020\/01\/3.png\u00bb image_height=\u00bb450&#8243; lightbox=\u00bbtrue\u00bb margin_bottom=\u00bb20&#8243;][mk_fancy_title size=\u00bb19&#8243; margin_bottom=\u00bb0&#8243; font_family=\u00bbnone\u00bb]Plataformas de mantenimiento[\/mk_fancy_title][vc_column_text css=\u00bb.vc_custom_1517245434553{margin-bottom: 0px !important;}\u00bb]Los soportes opcionales para la plataforma de trabajo se suministran a petici\u00f3n cuando la m\u00e1quina es levantada del suelo para permitir operaciones normales tales como afilar y engrasar con total seguridad.[\/vc_column_text][mk_padding_divider][\/vc_column][\/vc_row]\n<\/div>","protected":false},"excerpt":{"rendered":"<p>[vc_row fullwidth=\u00bbtrue\u00bb fullwidth_content=\u00bbfalse\u00bb css=\u00bb.vc_custom_1518266861273{background-color: #ececec !important;}\u00bb][vc_column][vc_row_inner][vc_column_inner][\/vc_column_inner][\/vc_row_inner][\/vc_column][\/vc_row][vc_row][vc_column][mk_padding_divider][mk_fancy_title size=\u00bb40&#8243; font_family=\u00bbnone\u00bb] M\u00c1QUINA DESCARNADORA CONTINUA MOD \u00abSP\u00bb PARA PIELES EN TRIPA Y PELO [\/mk_fancy_title][vc_row_inner][vc_column_inner width=\u00bb2\/3&#8243;][mk_fancy_title color=\u00bb#da291c\u00bb size=\u00bb18&#8243; font_weight=\u00bbbold\u00bb font_family=\u00bbnone\u00bb]Una nueva centralita hidr\u00e1ulica potenciada y un control electr\u00f3nico de las velocidades de transporte.[\/mk_fancy_title][vc_column_text css=\u00bb.vc_custom_1518267691945{margin-bottom: 0px !important;}\u00bb]Descarnar continuamente permite alcanzar una productividad muy alta. Con la tecnolog\u00eda de descarnado desarrollada por [&hellip;]<\/p>\n","protected":false},"author":3,"featured_media":0,"parent":7524,"menu_order":0,"comment_status":"closed","ping_status":"closed","template":"","meta":{"footnotes":""},"class_list":["post-7518","page","type-page","status-publish","hentry"],"_links":{"self":[{"href":"https:\/\/www.cmpersico.com\/es\/wp-json\/wp\/v2\/pages\/7518","targetHints":{"allow":["GET"]}}],"collection":[{"href":"https:\/\/www.cmpersico.com\/es\/wp-json\/wp\/v2\/pages"}],"about":[{"href":"https:\/\/www.cmpersico.com\/es\/wp-json\/wp\/v2\/types\/page"}],"author":[{"embeddable":true,"href":"https:\/\/www.cmpersico.com\/es\/wp-json\/wp\/v2\/users\/3"}],"replies":[{"embeddable":true,"href":"https:\/\/www.cmpersico.com\/es\/wp-json\/wp\/v2\/comments?post=7518"}],"version-history":[{"count":0,"href":"https:\/\/www.cmpersico.com\/es\/wp-json\/wp\/v2\/pages\/7518\/revisions"}],"up":[{"embeddable":true,"href":"https:\/\/www.cmpersico.com\/es\/wp-json\/wp\/v2\/pages\/7524"}],"wp:attachment":[{"href":"https:\/\/www.cmpersico.com\/es\/wp-json\/wp\/v2\/media?parent=7518"}],"curies":[{"name":"wp","href":"https:\/\/api.w.org\/{rel}","templated":true}]}}