{"id":7516,"date":"2020-01-21T11:59:11","date_gmt":"2020-01-21T10:59:11","guid":{"rendered":"https:\/\/www.cmpersico.com\/nota-informativa-sobre-la-privacidad\/"},"modified":"2020-01-21T11:59:11","modified_gmt":"2020-01-21T10:59:11","slug":"nota-informativa-sobre-la-privacidad","status":"publish","type":"page","link":"https:\/\/www.cmpersico.com\/es\/nota-informativa-sobre-la-privacidad\/","title":{"rendered":"Nota informativa sobre la privacidad"},"content":{"rendered":"<div class=\"wpb-content-wrapper\">[mk_page_section bg_image=\u00bbhttps:\/\/www.cmpersico.com\/wp-content\/uploads\/2019\/02\/privacy_policy2.jpg\u00bb attachment=\u00bbfixed\u00bb bg_position=\u00bbright top\u00bb bg_repeat=\u00bbno-repeat\u00bb bg_stretch=\u00bbtrue\u00bb video_color_mask=\u00bb#000000&#8243; min_height=\u00bb0&#8243; padding_top=\u00bb150&#8243; padding_bottom=\u00bb150&#8243; sidebar=\u00bbsidebar-1&#8243;][vc_column][mk_fancy_title tag_name=\u00bbh1&#8243; color=\u00bb#ffffff\u00bb size=\u00bb50&#8243; font_weight=\u00bbbold\u00bb txt_transform=\u00bbuppercase\u00bb margin_bottom=\u00bb0&#8243; font_family=\u00bbnone\u00bb align=\u00bbcenter\u00bb]\n<p style=\"text-align: center;\">NOTA INFORMATIVA SOBRE LA PRIVACIDAD<\/p>\n[\/mk_fancy_title][\/vc_column][\/mk_page_section][vc_row][vc_column][mk_padding_divider size=\u00bb60&#8243;][vc_row_inner][vc_column_inner][vc_column_text css=\u00bb.vc_custom_1550576824049{margin-bottom: 0px !important;}\u00bb]El titular, Costruzioni Meccaniche Persico S.r.l., San Giovanni Lupatoto (VR), Via F. Garofoli n\u00fam. 88, respeta la normativa en materia de protecci\u00f3n del procesamiento de datos y garantiza que todos los datos recogidos a trav\u00e9s de este sitio ser\u00e1n tratados de acuerdo con los principios y medidas establecidos por la normativa vigente.<\/p>\n<p>En este sentido, a continuaci\u00f3n informa a los usuarios que:<\/p>\n<p>&nbsp;<\/p>\n<ul>\n<li>El usuario puede consultar el sitio sin dar ninguno de sus datos personales.<\/li>\n<li>\u00a0La \u00fanica forma de enviar espont\u00e1neamente sus datos es a trav\u00e9s de la p\u00e1gina de contacto.<\/li>\n<li>\u00a0El env\u00edo voluntario de correo electr\u00f3nico a las direcciones indicadas en este sitio implica la posterior adquisici\u00f3n por parte del Titular de la direcci\u00f3n del remitente, necesaria para responder a las solicitudes, as\u00ed como cualquier otro dato personal incluido en la comunicaci\u00f3n.<\/li>\n<li>No se divulgar\u00e1n los datos as\u00ed proporcionados, pero, si es necesario, se comunicar\u00e1n a sujetos externos que el Titular de datos habr\u00e1 autorizado.<\/li>\n<li>Los datos personales as\u00ed recogidos ser\u00e1n tratados con herramientas automatizadas durante el tiempo estrictamente necesario para lograr los fines para los que fueron recogidos y durante un m\u00e1ximo de 10 a\u00f1os.<\/li>\n<\/ul>\n<p>Adem\u00e1s, informa que, como parte interesada, se le garantizan los derechos en virtud del art. 7 C\u00f3digo de privacidad y art\u00edculos 15-16-17-18-20-21 del GDPR; precisamente los derechos de acceso, rectificaci\u00f3n, cancelaci\u00f3n, limitaci\u00f3n, portabilidad, reclamaci\u00f3n y oposici\u00f3n. Le invitamos, si desea ejercer sus derechos o simplemente solicitar m\u00e1s informaci\u00f3n sobre ellos, a contactar con el Titular enviando su solicitud a <a href=\"mailto:privacy@cmpersico.com\">privacy@cmpersico.com<\/a>[\/vc_column_text][\/vc_column_inner][\/vc_row_inner][vc_column_text css=\u00bb.vc_custom_1550576961305{margin-bottom: 0px !important;}\u00bb]\n<h3>COOKIES<\/h3>\n[\/vc_column_text][vc_column_text css=\u00bb.vc_custom_1550576863206{margin-bottom: 0px !important;}\u00bb]En este sentido, el sitio no adquiere ning\u00fan dato personal del usuario. Las cookies no se utilizan para transmitir informaci\u00f3n personal, ni tampoco las llamadas cookies persistentes de ning\u00fan tipo, es decir, los sistemas para rastrear a los usuarios. El uso de las denominadas cookies de sesi\u00f3n (que no se almacenan permanentemente en el ordenador del usuario y desaparecen cuando se cierra el navegador) est\u00e1 estrictamente limitado a la transmisi\u00f3n de identificadores de sesi\u00f3n (que consisten en n\u00fameros aleatorios generados por el servidor) necesarios para permitir la exploraci\u00f3n segura y eficiente del sitio. Las denominadas cookies de sesi\u00f3n utilizadas en este sitio evitan el uso de otras t\u00e9cnicas inform\u00e1ticas potencialmente perjudiciales para la confidencialidad de la navegaci\u00f3n de los usuarios y no permiten la adquisici\u00f3n de los datos de identificaci\u00f3n personal del usuario.[\/vc_column_text][vc_column_text css=\u00bb.vc_custom_1550576942089{margin-bottom: 0px !important;}\u00bb]\n<h3>DERECHOS DE AUTOR<\/h3>\n[\/vc_column_text][vc_column_text css=\u00bb.vc_custom_1550576910100{margin-bottom: 0px !important;}\u00bb]Toda la informaci\u00f3n, contenido textual e im\u00e1genes en el sitio son propiedad del Titular y cualquier reproducci\u00f3n est\u00e1 prohibida sin su consentimiento.[\/vc_column_text][\/vc_column][\/vc_row][vc_row][vc_column][mk_padding_divider size=\u00bb60&#8243;][\/vc_column][\/vc_row]\n<\/div>","protected":false},"excerpt":{"rendered":"<p>[mk_page_section bg_image=\u00bbhttps:\/\/www.cmpersico.com\/wp-content\/uploads\/2019\/02\/privacy_policy2.jpg\u00bb attachment=\u00bbfixed\u00bb bg_position=\u00bbright top\u00bb bg_repeat=\u00bbno-repeat\u00bb bg_stretch=\u00bbtrue\u00bb video_color_mask=\u00bb#000000&#8243; min_height=\u00bb0&#8243; padding_top=\u00bb150&#8243; padding_bottom=\u00bb150&#8243; sidebar=\u00bbsidebar-1&#8243;][vc_column][mk_fancy_title tag_name=\u00bbh1&#8243; color=\u00bb#ffffff\u00bb size=\u00bb50&#8243; font_weight=\u00bbbold\u00bb txt_transform=\u00bbuppercase\u00bb margin_bottom=\u00bb0&#8243; font_family=\u00bbnone\u00bb align=\u00bbcenter\u00bb] NOTA INFORMATIVA SOBRE LA PRIVACIDAD [\/mk_fancy_title][\/vc_column][\/mk_page_section][vc_row][vc_column][mk_padding_divider size=\u00bb60&#8243;][vc_row_inner][vc_column_inner][vc_column_text css=\u00bb.vc_custom_1550576824049{margin-bottom: 0px !important;}\u00bb]El titular, Costruzioni Meccaniche Persico S.r.l., San Giovanni Lupatoto (VR), Via F. Garofoli n\u00fam. 88, respeta la normativa en materia de protecci\u00f3n del procesamiento de datos [&hellip;]<\/p>\n","protected":false},"author":1,"featured_media":0,"parent":0,"menu_order":0,"comment_status":"closed","ping_status":"closed","template":"","meta":{"footnotes":""},"class_list":["post-7516","page","type-page","status-publish","hentry"],"_links":{"self":[{"href":"https:\/\/www.cmpersico.com\/es\/wp-json\/wp\/v2\/pages\/7516","targetHints":{"allow":["GET"]}}],"collection":[{"href":"https:\/\/www.cmpersico.com\/es\/wp-json\/wp\/v2\/pages"}],"about":[{"href":"https:\/\/www.cmpersico.com\/es\/wp-json\/wp\/v2\/types\/page"}],"author":[{"embeddable":true,"href":"https:\/\/www.cmpersico.com\/es\/wp-json\/wp\/v2\/users\/1"}],"replies":[{"embeddable":true,"href":"https:\/\/www.cmpersico.com\/es\/wp-json\/wp\/v2\/comments?post=7516"}],"version-history":[{"count":0,"href":"https:\/\/www.cmpersico.com\/es\/wp-json\/wp\/v2\/pages\/7516\/revisions"}],"wp:attachment":[{"href":"https:\/\/www.cmpersico.com\/es\/wp-json\/wp\/v2\/media?parent=7516"}],"curies":[{"name":"wp","href":"https:\/\/api.w.org\/{rel}","templated":true}]}}